{"id":217664,"date":"2022-11-09T15:34:52","date_gmt":"2022-11-09T14:34:52","guid":{"rendered":"https:\/\/www.carontechnology.com\/prodotto\/mesa-de-alongamento\/"},"modified":"2023-05-03T18:13:57","modified_gmt":"2023-05-03T16:13:57","slug":"mesa-de-alongamento","status":"publish","type":"product","link":"https:\/\/www.carontechnology.com\/pt-pt\/produto\/mesa-de-alongamento\/","title":{"rendered":"Mesa de alongamento"},"content":{"rendered":"\n<p>A mesa de alongamento \u00e9 uma mesa feita sob medida que \u00e9 normalmente aplicada a jusante de uma m\u00e1quina de corte autom\u00e1tico para aumentar o comprimento da \u00e1rea de recolha das pe\u00e7as.<\/p>\n","protected":false},"excerpt":{"rendered":"<p>A mesa de alongamento \u00e9 uma mesa feita sob medida que \u00e9 normalmente aplicada a jusante de uma m\u00e1quina de corte autom\u00e1tico para aumentar o comprimento da \u00e1rea de recolha das pe\u00e7as.<\/p>\n","protected":false},"author":1,"featured_media":210039,"parent":0,"menu_order":95,"comment_status":"closed","ping_status":"closed","template":"","format":"standard","category_product":[74],"category_sector":[],"class_list":["post-217664","product","type-product","status-publish","format-standard","has-post-thumbnail","hentry","category_product-mesas-de-extensao"],"acf":[],"_links":{"self":[{"href":"https:\/\/www.carontechnology.com\/pt-pt\/wp-json\/wp\/v2\/product\/217664","targetHints":{"allow":["GET"]}}],"collection":[{"href":"https:\/\/www.carontechnology.com\/pt-pt\/wp-json\/wp\/v2\/product"}],"about":[{"href":"https:\/\/www.carontechnology.com\/pt-pt\/wp-json\/wp\/v2\/types\/product"}],"author":[{"embeddable":true,"href":"https:\/\/www.carontechnology.com\/pt-pt\/wp-json\/wp\/v2\/users\/1"}],"replies":[{"embeddable":true,"href":"https:\/\/www.carontechnology.com\/pt-pt\/wp-json\/wp\/v2\/comments?post=217664"}],"version-history":[{"count":0,"href":"https:\/\/www.carontechnology.com\/pt-pt\/wp-json\/wp\/v2\/product\/217664\/revisions"}],"wp:featuredmedia":[{"embeddable":true,"href":"https:\/\/www.carontechnology.com\/pt-pt\/wp-json\/wp\/v2\/media\/210039"}],"wp:attachment":[{"href":"https:\/\/www.carontechnology.com\/pt-pt\/wp-json\/wp\/v2\/media?parent=217664"}],"wp:term":[{"taxonomy":"category_product","embeddable":true,"href":"https:\/\/www.carontechnology.com\/pt-pt\/wp-json\/wp\/v2\/category_product?post=217664"},{"taxonomy":"category_sector","embeddable":true,"href":"https:\/\/www.carontechnology.com\/pt-pt\/wp-json\/wp\/v2\/category_sector?post=217664"}],"curies":[{"name":"wp","href":"https:\/\/api.w.org\/{rel}","templated":true}]}}