{"id":217642,"date":"2022-11-09T15:31:54","date_gmt":"2022-11-09T14:31:54","guid":{"rendered":"https:\/\/www.carontechnology.com\/prodotto\/mesas-de-transferencia\/"},"modified":"2023-05-03T18:13:46","modified_gmt":"2023-05-03T16:13:46","slug":"mesas-de-transferencia","status":"publish","type":"product","link":"https:\/\/www.carontechnology.com\/pt-pt\/produto\/mesas-de-transferencia\/","title":{"rendered":"Mesas de transfer\u00eancia"},"content":{"rendered":"\n<p>A mesa de transfer\u00eancia Caron tem todas as caracter\u00edsticas da mesa padr\u00e3o, os trilhos s\u00e3o inseridos em ambos os lados da mesa para deslizar o estendedor e de um lado para deslizar a plataforma do operador.<\/p>\n","protected":false},"excerpt":{"rendered":"<p>A mesa de transfer\u00eancia Caron tem todas as caracter\u00edsticas da mesa padr\u00e3o, os trilhos s\u00e3o inseridos em ambos os lados da mesa para deslizar o estendedor e de um lado para deslizar a plataforma do operador.<\/p>\n","protected":false},"author":1,"featured_media":210029,"parent":0,"menu_order":92,"comment_status":"closed","ping_status":"closed","template":"","format":"standard","category_product":[74],"category_sector":[],"class_list":["post-217642","product","type-product","status-publish","format-standard","has-post-thumbnail","hentry","category_product-mesas-de-extensao"],"acf":[],"_links":{"self":[{"href":"https:\/\/www.carontechnology.com\/pt-pt\/wp-json\/wp\/v2\/product\/217642","targetHints":{"allow":["GET"]}}],"collection":[{"href":"https:\/\/www.carontechnology.com\/pt-pt\/wp-json\/wp\/v2\/product"}],"about":[{"href":"https:\/\/www.carontechnology.com\/pt-pt\/wp-json\/wp\/v2\/types\/product"}],"author":[{"embeddable":true,"href":"https:\/\/www.carontechnology.com\/pt-pt\/wp-json\/wp\/v2\/users\/1"}],"replies":[{"embeddable":true,"href":"https:\/\/www.carontechnology.com\/pt-pt\/wp-json\/wp\/v2\/comments?post=217642"}],"version-history":[{"count":0,"href":"https:\/\/www.carontechnology.com\/pt-pt\/wp-json\/wp\/v2\/product\/217642\/revisions"}],"wp:featuredmedia":[{"embeddable":true,"href":"https:\/\/www.carontechnology.com\/pt-pt\/wp-json\/wp\/v2\/media\/210029"}],"wp:attachment":[{"href":"https:\/\/www.carontechnology.com\/pt-pt\/wp-json\/wp\/v2\/media?parent=217642"}],"wp:term":[{"taxonomy":"category_product","embeddable":true,"href":"https:\/\/www.carontechnology.com\/pt-pt\/wp-json\/wp\/v2\/category_product?post=217642"},{"taxonomy":"category_sector","embeddable":true,"href":"https:\/\/www.carontechnology.com\/pt-pt\/wp-json\/wp\/v2\/category_sector?post=217642"}],"curies":[{"name":"wp","href":"https:\/\/api.w.org\/{rel}","templated":true}]}}