{"id":217621,"date":"2022-11-09T15:29:29","date_gmt":"2022-11-09T14:29:29","guid":{"rendered":"https:\/\/www.carontechnology.com\/prodotto\/mesa-de-agulhas\/"},"modified":"2023-05-03T18:13:36","modified_gmt":"2023-05-03T16:13:36","slug":"mesa-de-agulhas","status":"publish","type":"product","link":"https:\/\/www.carontechnology.com\/pt-pt\/produto\/mesa-de-agulhas\/","title":{"rendered":"Mesa de Agulhas"},"content":{"rendered":"\n<p>A mesa de agulhas \u00e9 vendida para aplica\u00e7\u00f5es especiais em que h\u00e1 a necessidade de alinhar os tecidos.<\/p>\n","protected":false},"excerpt":{"rendered":"<p>A mesa de agulhas \u00e9 vendida para aplica\u00e7\u00f5es especiais em que h\u00e1 a necessidade de alinhar os tecidos.<\/p>\n","protected":false},"author":1,"featured_media":210033,"parent":0,"menu_order":85,"comment_status":"closed","ping_status":"closed","template":"","format":"standard","category_product":[74],"category_sector":[],"class_list":["post-217621","product","type-product","status-publish","format-standard","has-post-thumbnail","hentry","category_product-mesas-de-extensao"],"acf":[],"_links":{"self":[{"href":"https:\/\/www.carontechnology.com\/pt-pt\/wp-json\/wp\/v2\/product\/217621","targetHints":{"allow":["GET"]}}],"collection":[{"href":"https:\/\/www.carontechnology.com\/pt-pt\/wp-json\/wp\/v2\/product"}],"about":[{"href":"https:\/\/www.carontechnology.com\/pt-pt\/wp-json\/wp\/v2\/types\/product"}],"author":[{"embeddable":true,"href":"https:\/\/www.carontechnology.com\/pt-pt\/wp-json\/wp\/v2\/users\/1"}],"replies":[{"embeddable":true,"href":"https:\/\/www.carontechnology.com\/pt-pt\/wp-json\/wp\/v2\/comments?post=217621"}],"version-history":[{"count":0,"href":"https:\/\/www.carontechnology.com\/pt-pt\/wp-json\/wp\/v2\/product\/217621\/revisions"}],"wp:featuredmedia":[{"embeddable":true,"href":"https:\/\/www.carontechnology.com\/pt-pt\/wp-json\/wp\/v2\/media\/210033"}],"wp:attachment":[{"href":"https:\/\/www.carontechnology.com\/pt-pt\/wp-json\/wp\/v2\/media?parent=217621"}],"wp:term":[{"taxonomy":"category_product","embeddable":true,"href":"https:\/\/www.carontechnology.com\/pt-pt\/wp-json\/wp\/v2\/category_product?post=217621"},{"taxonomy":"category_sector","embeddable":true,"href":"https:\/\/www.carontechnology.com\/pt-pt\/wp-json\/wp\/v2\/category_sector?post=217621"}],"curies":[{"name":"wp","href":"https:\/\/api.w.org\/{rel}","templated":true}]}}