{"id":217581,"date":"2022-11-09T15:21:13","date_gmt":"2022-11-09T14:21:13","guid":{"rendered":"https:\/\/www.carontechnology.com\/prodotto\/mesa-transportadora\/"},"modified":"2023-05-03T18:13:27","modified_gmt":"2023-05-03T16:13:27","slug":"mesa-transportadora","status":"publish","type":"product","link":"https:\/\/www.carontechnology.com\/pt-pt\/produto\/mesa-transportadora\/","title":{"rendered":"Mesa Transportadora"},"content":{"rendered":"\n<p>A mesa transportadora, em combina\u00e7\u00e3o com o cortador autom\u00e1tico, \u00e9 a solu\u00e7\u00e3o ideal para o movimento r\u00e1pido e sem tens\u00e3o do colch\u00e3o desde a \u00e1rea de extens\u00e3o at\u00e9 o cortador.<\/p>\n","protected":false},"excerpt":{"rendered":"<p>A mesa transportadora, em combina\u00e7\u00e3o com o cortador autom\u00e1tico, \u00e9 a solu\u00e7\u00e3o ideal para o movimento r\u00e1pido e sem tens\u00e3o do colch\u00e3o desde a \u00e1rea de extens\u00e3o at\u00e9 o cortador.<\/p>\n","protected":false},"author":1,"featured_media":210037,"parent":0,"menu_order":81,"comment_status":"closed","ping_status":"closed","template":"","format":"standard","category_product":[74],"category_sector":[],"class_list":["post-217581","product","type-product","status-publish","format-standard","has-post-thumbnail","hentry","category_product-mesas-de-extensao"],"acf":[],"_links":{"self":[{"href":"https:\/\/www.carontechnology.com\/pt-pt\/wp-json\/wp\/v2\/product\/217581","targetHints":{"allow":["GET"]}}],"collection":[{"href":"https:\/\/www.carontechnology.com\/pt-pt\/wp-json\/wp\/v2\/product"}],"about":[{"href":"https:\/\/www.carontechnology.com\/pt-pt\/wp-json\/wp\/v2\/types\/product"}],"author":[{"embeddable":true,"href":"https:\/\/www.carontechnology.com\/pt-pt\/wp-json\/wp\/v2\/users\/1"}],"replies":[{"embeddable":true,"href":"https:\/\/www.carontechnology.com\/pt-pt\/wp-json\/wp\/v2\/comments?post=217581"}],"version-history":[{"count":0,"href":"https:\/\/www.carontechnology.com\/pt-pt\/wp-json\/wp\/v2\/product\/217581\/revisions"}],"wp:featuredmedia":[{"embeddable":true,"href":"https:\/\/www.carontechnology.com\/pt-pt\/wp-json\/wp\/v2\/media\/210037"}],"wp:attachment":[{"href":"https:\/\/www.carontechnology.com\/pt-pt\/wp-json\/wp\/v2\/media?parent=217581"}],"wp:term":[{"taxonomy":"category_product","embeddable":true,"href":"https:\/\/www.carontechnology.com\/pt-pt\/wp-json\/wp\/v2\/category_product?post=217581"},{"taxonomy":"category_sector","embeddable":true,"href":"https:\/\/www.carontechnology.com\/pt-pt\/wp-json\/wp\/v2\/category_sector?post=217581"}],"curies":[{"name":"wp","href":"https:\/\/api.w.org\/{rel}","templated":true}]}}