{"id":217264,"date":"2022-11-09T14:52:46","date_gmt":"2022-11-09T13:52:46","guid":{"rendered":"https:\/\/www.carontechnology.com\/prodotto\/mesas-padrao\/"},"modified":"2023-05-03T18:08:14","modified_gmt":"2023-05-03T16:08:14","slug":"mesas-padrao","status":"publish","type":"product","link":"https:\/\/www.carontechnology.com\/pt-pt\/produto\/mesas-padrao\/","title":{"rendered":"Mesas Padr\u00e3o"},"content":{"rendered":"\n<p>A mesa padr\u00e3o \u00e9 uma mesa muito robusta.&#13;\nTodas as mesas Caron t\u00eam os mesmos princ\u00edpios de constru\u00e7\u00e3o baseados na robustez e durabilidade.<\/p>\n","protected":false},"excerpt":{"rendered":"<p>A mesa padr\u00e3o \u00e9 uma mesa muito robusta.&#13; Todas as mesas Caron t\u00eam os mesmos princ\u00edpios de constru\u00e7\u00e3o baseados na robustez e durabilidade.<\/p>\n","protected":false},"author":1,"featured_media":210031,"parent":0,"menu_order":10,"comment_status":"closed","ping_status":"closed","template":"","format":"standard","category_product":[74],"category_sector":[],"class_list":["post-217264","product","type-product","status-publish","format-standard","has-post-thumbnail","hentry","category_product-mesas-de-extensao"],"acf":[],"_links":{"self":[{"href":"https:\/\/www.carontechnology.com\/pt-pt\/wp-json\/wp\/v2\/product\/217264","targetHints":{"allow":["GET"]}}],"collection":[{"href":"https:\/\/www.carontechnology.com\/pt-pt\/wp-json\/wp\/v2\/product"}],"about":[{"href":"https:\/\/www.carontechnology.com\/pt-pt\/wp-json\/wp\/v2\/types\/product"}],"author":[{"embeddable":true,"href":"https:\/\/www.carontechnology.com\/pt-pt\/wp-json\/wp\/v2\/users\/1"}],"replies":[{"embeddable":true,"href":"https:\/\/www.carontechnology.com\/pt-pt\/wp-json\/wp\/v2\/comments?post=217264"}],"version-history":[{"count":0,"href":"https:\/\/www.carontechnology.com\/pt-pt\/wp-json\/wp\/v2\/product\/217264\/revisions"}],"wp:featuredmedia":[{"embeddable":true,"href":"https:\/\/www.carontechnology.com\/pt-pt\/wp-json\/wp\/v2\/media\/210031"}],"wp:attachment":[{"href":"https:\/\/www.carontechnology.com\/pt-pt\/wp-json\/wp\/v2\/media?parent=217264"}],"wp:term":[{"taxonomy":"category_product","embeddable":true,"href":"https:\/\/www.carontechnology.com\/pt-pt\/wp-json\/wp\/v2\/category_product?post=217264"},{"taxonomy":"category_sector","embeddable":true,"href":"https:\/\/www.carontechnology.com\/pt-pt\/wp-json\/wp\/v2\/category_sector?post=217264"}],"curies":[{"name":"wp","href":"https:\/\/api.w.org\/{rel}","templated":true}]}}