{"id":217154,"date":"2022-11-09T14:29:44","date_gmt":"2022-11-09T13:29:44","guid":{"rendered":"https:\/\/www.carontechnology.com\/prodotto\/lion-h40\/"},"modified":"2023-05-03T18:11:14","modified_gmt":"2023-05-03T16:11:14","slug":"lion-h40","status":"publish","type":"product","link":"https:\/\/www.carontechnology.com\/pt-pt\/produto\/lion-h40\/","title":{"rendered":"Lion H40"},"content":{"rendered":"\n<p>Uma aplica\u00e7\u00e3o especial do modelo Lion S, o estendedor Lion H40 \u00e9 uma m\u00e1quina dedicada ao mundo de extens\u00e3o de materiais volumosos como o algod\u00e3o.<\/p>\n","protected":false},"excerpt":{"rendered":"<p>Uma aplica\u00e7\u00e3o especial do modelo Lion S, o estendedor Lion H40 \u00e9 uma m\u00e1quina dedicada ao mundo de extens\u00e3o de materiais volumosos como o algod\u00e3o.<\/p>\n","protected":false},"author":1,"featured_media":209978,"parent":0,"menu_order":29,"comment_status":"closed","ping_status":"closed","template":"","format":"standard","category_product":[71],"category_sector":[64],"class_list":["post-217154","product","type-product","status-publish","format-standard","has-post-thumbnail","hentry","category_product-estendedores","category_sector-mobiliario"],"acf":[],"_links":{"self":[{"href":"https:\/\/www.carontechnology.com\/pt-pt\/wp-json\/wp\/v2\/product\/217154","targetHints":{"allow":["GET"]}}],"collection":[{"href":"https:\/\/www.carontechnology.com\/pt-pt\/wp-json\/wp\/v2\/product"}],"about":[{"href":"https:\/\/www.carontechnology.com\/pt-pt\/wp-json\/wp\/v2\/types\/product"}],"author":[{"embeddable":true,"href":"https:\/\/www.carontechnology.com\/pt-pt\/wp-json\/wp\/v2\/users\/1"}],"replies":[{"embeddable":true,"href":"https:\/\/www.carontechnology.com\/pt-pt\/wp-json\/wp\/v2\/comments?post=217154"}],"version-history":[{"count":0,"href":"https:\/\/www.carontechnology.com\/pt-pt\/wp-json\/wp\/v2\/product\/217154\/revisions"}],"wp:featuredmedia":[{"embeddable":true,"href":"https:\/\/www.carontechnology.com\/pt-pt\/wp-json\/wp\/v2\/media\/209978"}],"wp:attachment":[{"href":"https:\/\/www.carontechnology.com\/pt-pt\/wp-json\/wp\/v2\/media?parent=217154"}],"wp:term":[{"taxonomy":"category_product","embeddable":true,"href":"https:\/\/www.carontechnology.com\/pt-pt\/wp-json\/wp\/v2\/category_product?post=217154"},{"taxonomy":"category_sector","embeddable":true,"href":"https:\/\/www.carontechnology.com\/pt-pt\/wp-json\/wp\/v2\/category_sector?post=217154"}],"curies":[{"name":"wp","href":"https:\/\/api.w.org\/{rel}","templated":true}]}}