{"id":217107,"date":"2022-11-09T14:20:39","date_gmt":"2022-11-09T13:20:39","guid":{"rendered":"https:\/\/www.carontechnology.com\/prodotto\/bolt\/"},"modified":"2023-05-03T18:04:07","modified_gmt":"2023-05-03T16:04:07","slug":"bolt","status":"publish","type":"product","link":"https:\/\/www.carontechnology.com\/pt-pt\/produto\/bolt\/","title":{"rendered":"Bolt"},"content":{"rendered":"\n<p>M\u00e1quina de n\u00edvel de entrada que combina perfeitamente a facilidade de utiliza\u00e7\u00e3o com a efici\u00eancia de produ\u00e7\u00e3o. A m\u00e1quina pode ser movimentada manualmente com extrema simplicidade e permite a extens\u00e3o semiautom\u00e1tica de v\u00e1rios tipos de tecido em rolos, at\u00e9 50 kg.<\/p>\n","protected":false},"excerpt":{"rendered":"<p>M\u00e1quina de n\u00edvel de entrada que combina perfeitamente a facilidade de utiliza\u00e7\u00e3o com a efici\u00eancia de produ\u00e7\u00e3o. A m\u00e1quina pode ser movimentada manualmente com extrema simplicidade e permite a extens\u00e3o semiautom\u00e1tica de v\u00e1rios tipos de tecido em rolos, at\u00e9 50 kg.<\/p>\n","protected":false},"author":1,"featured_media":209512,"parent":0,"menu_order":8,"comment_status":"closed","ping_status":"closed","template":"","format":"standard","category_product":[71],"category_sector":[64],"class_list":["post-217107","product","type-product","status-publish","format-standard","has-post-thumbnail","hentry","category_product-estendedores","category_sector-mobiliario"],"acf":[],"_links":{"self":[{"href":"https:\/\/www.carontechnology.com\/pt-pt\/wp-json\/wp\/v2\/product\/217107","targetHints":{"allow":["GET"]}}],"collection":[{"href":"https:\/\/www.carontechnology.com\/pt-pt\/wp-json\/wp\/v2\/product"}],"about":[{"href":"https:\/\/www.carontechnology.com\/pt-pt\/wp-json\/wp\/v2\/types\/product"}],"author":[{"embeddable":true,"href":"https:\/\/www.carontechnology.com\/pt-pt\/wp-json\/wp\/v2\/users\/1"}],"replies":[{"embeddable":true,"href":"https:\/\/www.carontechnology.com\/pt-pt\/wp-json\/wp\/v2\/comments?post=217107"}],"version-history":[{"count":0,"href":"https:\/\/www.carontechnology.com\/pt-pt\/wp-json\/wp\/v2\/product\/217107\/revisions"}],"wp:featuredmedia":[{"embeddable":true,"href":"https:\/\/www.carontechnology.com\/pt-pt\/wp-json\/wp\/v2\/media\/209512"}],"wp:attachment":[{"href":"https:\/\/www.carontechnology.com\/pt-pt\/wp-json\/wp\/v2\/media?parent=217107"}],"wp:term":[{"taxonomy":"category_product","embeddable":true,"href":"https:\/\/www.carontechnology.com\/pt-pt\/wp-json\/wp\/v2\/category_product?post=217107"},{"taxonomy":"category_sector","embeddable":true,"href":"https:\/\/www.carontechnology.com\/pt-pt\/wp-json\/wp\/v2\/category_sector?post=217107"}],"curies":[{"name":"wp","href":"https:\/\/api.w.org\/{rel}","templated":true}]}}