{"id":216942,"date":"2022-11-09T13:00:30","date_gmt":"2022-11-09T12:00:30","guid":{"rendered":"https:\/\/www.carontechnology.com\/prodotto\/york-4-0\/"},"modified":"2023-05-03T18:12:58","modified_gmt":"2023-05-03T16:12:58","slug":"york-4-0","status":"publish","type":"product","link":"https:\/\/www.carontechnology.com\/pt-pt\/produto\/york-4-0\/","title":{"rendered":"York 4.0"},"content":{"rendered":"\n<p>Inteiramente desenvolvido com uma perspectiva 4.0, o ber\u00e7o York 4.0 \u00e9 a evolu\u00e7\u00e3o natural do ber\u00e7o York 1.<\/p>\n","protected":false},"excerpt":{"rendered":"<p>Inteiramente desenvolvido com uma perspectiva 4.0, o ber\u00e7o York 4.0 \u00e9 a evolu\u00e7\u00e3o natural do ber\u00e7o York 1.<\/p>\n","protected":false},"author":1,"featured_media":209675,"parent":0,"menu_order":66,"comment_status":"closed","ping_status":"closed","template":"","format":"standard","category_product":[69],"category_sector":[63],"class_list":["post-216942","product","type-product","status-publish","format-standard","has-post-thumbnail","hentry","category_product-bercos-de-folha-unica","category_sector-vestuario"],"acf":[],"_links":{"self":[{"href":"https:\/\/www.carontechnology.com\/pt-pt\/wp-json\/wp\/v2\/product\/216942","targetHints":{"allow":["GET"]}}],"collection":[{"href":"https:\/\/www.carontechnology.com\/pt-pt\/wp-json\/wp\/v2\/product"}],"about":[{"href":"https:\/\/www.carontechnology.com\/pt-pt\/wp-json\/wp\/v2\/types\/product"}],"author":[{"embeddable":true,"href":"https:\/\/www.carontechnology.com\/pt-pt\/wp-json\/wp\/v2\/users\/1"}],"replies":[{"embeddable":true,"href":"https:\/\/www.carontechnology.com\/pt-pt\/wp-json\/wp\/v2\/comments?post=216942"}],"version-history":[{"count":0,"href":"https:\/\/www.carontechnology.com\/pt-pt\/wp-json\/wp\/v2\/product\/216942\/revisions"}],"wp:featuredmedia":[{"embeddable":true,"href":"https:\/\/www.carontechnology.com\/pt-pt\/wp-json\/wp\/v2\/media\/209675"}],"wp:attachment":[{"href":"https:\/\/www.carontechnology.com\/pt-pt\/wp-json\/wp\/v2\/media?parent=216942"}],"wp:term":[{"taxonomy":"category_product","embeddable":true,"href":"https:\/\/www.carontechnology.com\/pt-pt\/wp-json\/wp\/v2\/category_product?post=216942"},{"taxonomy":"category_sector","embeddable":true,"href":"https:\/\/www.carontechnology.com\/pt-pt\/wp-json\/wp\/v2\/category_sector?post=216942"}],"curies":[{"name":"wp","href":"https:\/\/api.w.org\/{rel}","templated":true}]}}