{"id":216867,"date":"2022-11-09T12:39:41","date_gmt":"2022-11-09T11:39:41","guid":{"rendered":"https:\/\/www.carontechnology.com\/prodotto\/york\/"},"modified":"2023-05-03T17:33:19","modified_gmt":"2023-05-03T15:33:19","slug":"york","status":"publish","type":"product","link":"https:\/\/www.carontechnology.com\/pt-pt\/produto\/york\/","title":{"rendered":"York"},"content":{"rendered":"\n<p>Ber\u00e7o de folha \u00fanica YORK, concebido com uma nova estrutura ergon\u00f3mica e com a caracter\u00edstica especial de ter a introdu\u00e7\u00e3o do material que entra diretamente no corte autom\u00e1tico por cima.<\/p>\n","protected":false},"excerpt":{"rendered":"<p>Ber\u00e7o de folha \u00fanica YORK, concebido com uma nova estrutura ergon\u00f3mica e com a caracter\u00edstica especial de ter a introdu\u00e7\u00e3o do material que entra diretamente no corte autom\u00e1tico por cima.<\/p>\n","protected":false},"author":1,"featured_media":209508,"parent":0,"menu_order":56,"comment_status":"closed","ping_status":"closed","template":"","format":"standard","category_product":[69],"category_sector":[64,63],"class_list":["post-216867","product","type-product","status-publish","format-standard","has-post-thumbnail","hentry","category_product-bercos-de-folha-unica","category_sector-mobiliario","category_sector-vestuario"],"acf":[],"_links":{"self":[{"href":"https:\/\/www.carontechnology.com\/pt-pt\/wp-json\/wp\/v2\/product\/216867","targetHints":{"allow":["GET"]}}],"collection":[{"href":"https:\/\/www.carontechnology.com\/pt-pt\/wp-json\/wp\/v2\/product"}],"about":[{"href":"https:\/\/www.carontechnology.com\/pt-pt\/wp-json\/wp\/v2\/types\/product"}],"author":[{"embeddable":true,"href":"https:\/\/www.carontechnology.com\/pt-pt\/wp-json\/wp\/v2\/users\/1"}],"replies":[{"embeddable":true,"href":"https:\/\/www.carontechnology.com\/pt-pt\/wp-json\/wp\/v2\/comments?post=216867"}],"version-history":[{"count":0,"href":"https:\/\/www.carontechnology.com\/pt-pt\/wp-json\/wp\/v2\/product\/216867\/revisions"}],"wp:featuredmedia":[{"embeddable":true,"href":"https:\/\/www.carontechnology.com\/pt-pt\/wp-json\/wp\/v2\/media\/209508"}],"wp:attachment":[{"href":"https:\/\/www.carontechnology.com\/pt-pt\/wp-json\/wp\/v2\/media?parent=216867"}],"wp:term":[{"taxonomy":"category_product","embeddable":true,"href":"https:\/\/www.carontechnology.com\/pt-pt\/wp-json\/wp\/v2\/category_product?post=216867"},{"taxonomy":"category_sector","embeddable":true,"href":"https:\/\/www.carontechnology.com\/pt-pt\/wp-json\/wp\/v2\/category_sector?post=216867"}],"curies":[{"name":"wp","href":"https:\/\/api.w.org\/{rel}","templated":true}]}}