{"id":216843,"date":"2022-11-09T12:35:15","date_gmt":"2022-11-09T11:35:15","guid":{"rendered":"https:\/\/www.carontechnology.com\/prodotto\/phoenix\/"},"modified":"2023-05-03T18:11:38","modified_gmt":"2023-05-03T16:11:38","slug":"phoenix","status":"publish","type":"product","link":"https:\/\/www.carontechnology.com\/pt-pt\/produto\/phoenix\/","title":{"rendered":"Phoenix"},"content":{"rendered":"\n<p>Ber\u00e7o de folha \u00fanica Phoenix, m\u00e1quina capaz de garantir uma excelente qualidade de alimenta\u00e7\u00e3o tanto de tecidos r\u00edgidos como el\u00e1sticos.<\/p>\n","protected":false},"excerpt":{"rendered":"<p>Ber\u00e7o de folha \u00fanica Phoenix, m\u00e1quina capaz de garantir uma excelente qualidade de alimenta\u00e7\u00e3o tanto de tecidos r\u00edgidos como el\u00e1sticos.<\/p>\n","protected":false},"author":1,"featured_media":209498,"parent":0,"menu_order":51,"comment_status":"closed","ping_status":"closed","template":"","format":"standard","category_product":[69],"category_sector":[64,63,72],"class_list":["post-216843","product","type-product","status-publish","format-standard","has-post-thumbnail","hentry","category_product-bercos-de-folha-unica","category_sector-mobiliario","category_sector-vestuario","category_sector-tecidos-tecnicos"],"acf":[],"_links":{"self":[{"href":"https:\/\/www.carontechnology.com\/pt-pt\/wp-json\/wp\/v2\/product\/216843","targetHints":{"allow":["GET"]}}],"collection":[{"href":"https:\/\/www.carontechnology.com\/pt-pt\/wp-json\/wp\/v2\/product"}],"about":[{"href":"https:\/\/www.carontechnology.com\/pt-pt\/wp-json\/wp\/v2\/types\/product"}],"author":[{"embeddable":true,"href":"https:\/\/www.carontechnology.com\/pt-pt\/wp-json\/wp\/v2\/users\/1"}],"replies":[{"embeddable":true,"href":"https:\/\/www.carontechnology.com\/pt-pt\/wp-json\/wp\/v2\/comments?post=216843"}],"version-history":[{"count":0,"href":"https:\/\/www.carontechnology.com\/pt-pt\/wp-json\/wp\/v2\/product\/216843\/revisions"}],"wp:featuredmedia":[{"embeddable":true,"href":"https:\/\/www.carontechnology.com\/pt-pt\/wp-json\/wp\/v2\/media\/209498"}],"wp:attachment":[{"href":"https:\/\/www.carontechnology.com\/pt-pt\/wp-json\/wp\/v2\/media?parent=216843"}],"wp:term":[{"taxonomy":"category_product","embeddable":true,"href":"https:\/\/www.carontechnology.com\/pt-pt\/wp-json\/wp\/v2\/category_product?post=216843"},{"taxonomy":"category_sector","embeddable":true,"href":"https:\/\/www.carontechnology.com\/pt-pt\/wp-json\/wp\/v2\/category_sector?post=216843"}],"curies":[{"name":"wp","href":"https:\/\/api.w.org\/{rel}","templated":true}]}}