{"id":216825,"date":"2022-11-09T12:31:34","date_gmt":"2022-11-09T11:31:34","guid":{"rendered":"https:\/\/www.carontechnology.com\/prodotto\/cps\/"},"modified":"2023-05-03T18:11:31","modified_gmt":"2023-05-03T16:11:31","slug":"cps","status":"publish","type":"product","link":"https:\/\/www.carontechnology.com\/pt-pt\/produto\/cps\/","title":{"rendered":"CPS"},"content":{"rendered":"\n<p>Carregador de plataforma \u00fanica Caron que levanta rolos de tecido do solo at\u00e9 o ber\u00e7o do estendedor e vice-versa, a facilitar as opera\u00e7\u00f5es de carga e descarga. <\/p>\n","protected":false},"excerpt":{"rendered":"<p>Carregador de plataforma \u00fanica Caron que levanta rolos de tecido do solo at\u00e9 o ber\u00e7o do estendedor e vice-versa, a facilitar as opera\u00e7\u00f5es de carga e descarga.<\/p>\n","protected":false},"author":1,"featured_media":209659,"parent":0,"menu_order":47,"comment_status":"closed","ping_status":"closed","template":"","format":"standard","category_product":[62],"category_sector":[64,63,72],"class_list":["post-216825","product","type-product","status-publish","format-standard","has-post-thumbnail","hentry","category_product-sistemas-de-carga","category_sector-mobiliario","category_sector-vestuario","category_sector-tecidos-tecnicos"],"acf":[],"_links":{"self":[{"href":"https:\/\/www.carontechnology.com\/pt-pt\/wp-json\/wp\/v2\/product\/216825","targetHints":{"allow":["GET"]}}],"collection":[{"href":"https:\/\/www.carontechnology.com\/pt-pt\/wp-json\/wp\/v2\/product"}],"about":[{"href":"https:\/\/www.carontechnology.com\/pt-pt\/wp-json\/wp\/v2\/types\/product"}],"author":[{"embeddable":true,"href":"https:\/\/www.carontechnology.com\/pt-pt\/wp-json\/wp\/v2\/users\/1"}],"replies":[{"embeddable":true,"href":"https:\/\/www.carontechnology.com\/pt-pt\/wp-json\/wp\/v2\/comments?post=216825"}],"version-history":[{"count":0,"href":"https:\/\/www.carontechnology.com\/pt-pt\/wp-json\/wp\/v2\/product\/216825\/revisions"}],"wp:featuredmedia":[{"embeddable":true,"href":"https:\/\/www.carontechnology.com\/pt-pt\/wp-json\/wp\/v2\/media\/209659"}],"wp:attachment":[{"href":"https:\/\/www.carontechnology.com\/pt-pt\/wp-json\/wp\/v2\/media?parent=216825"}],"wp:term":[{"taxonomy":"category_product","embeddable":true,"href":"https:\/\/www.carontechnology.com\/pt-pt\/wp-json\/wp\/v2\/category_product?post=216825"},{"taxonomy":"category_sector","embeddable":true,"href":"https:\/\/www.carontechnology.com\/pt-pt\/wp-json\/wp\/v2\/category_sector?post=216825"}],"curies":[{"name":"wp","href":"https:\/\/api.w.org\/{rel}","templated":true}]}}