{"id":216730,"date":"2022-11-09T11:55:09","date_gmt":"2022-11-09T10:55:09","guid":{"rendered":"https:\/\/www.carontechnology.com\/prodotto\/mask\/"},"modified":"2023-05-03T18:11:23","modified_gmt":"2023-05-03T16:11:23","slug":"mask","status":"publish","type":"product","link":"https:\/\/www.carontechnology.com\/pt-pt\/produto\/mask\/","title":{"rendered":"Mask"},"content":{"rendered":"\n<p>Estendedor digital MASK com tecnologia EtherCAT: eletr\u00f3nica industrial muito r\u00e1pido, que garante a comunica\u00e7\u00e3o entre pe\u00e7as de m\u00e1quinas na ordem de nanossegundos. Interliga\u00e7\u00e3o via protocolo REST, com leitura de ficheiro padr\u00e3o que garante total compatibilidade e ader\u00eancia aos princ\u00edpios IOT.<\/p>\n","protected":false},"excerpt":{"rendered":"<p>Estendedor digital MASK com tecnologia EtherCAT: eletr\u00f3nica industrial muito r\u00e1pido, que garante a comunica\u00e7\u00e3o entre pe\u00e7as de m\u00e1quinas na ordem de nanossegundos. Interliga\u00e7\u00e3o via protocolo REST, com leitura de ficheiro padr\u00e3o que garante total compatibilidade e ader\u00eancia aos princ\u00edpios IOT.<\/p>\n","protected":false},"author":1,"featured_media":209980,"parent":0,"menu_order":40,"comment_status":"closed","ping_status":"closed","template":"","format":"standard","category_product":[71],"category_sector":[63,72],"class_list":["post-216730","product","type-product","status-publish","format-standard","has-post-thumbnail","hentry","category_product-estendedores","category_sector-vestuario","category_sector-tecidos-tecnicos"],"acf":[],"_links":{"self":[{"href":"https:\/\/www.carontechnology.com\/pt-pt\/wp-json\/wp\/v2\/product\/216730","targetHints":{"allow":["GET"]}}],"collection":[{"href":"https:\/\/www.carontechnology.com\/pt-pt\/wp-json\/wp\/v2\/product"}],"about":[{"href":"https:\/\/www.carontechnology.com\/pt-pt\/wp-json\/wp\/v2\/types\/product"}],"author":[{"embeddable":true,"href":"https:\/\/www.carontechnology.com\/pt-pt\/wp-json\/wp\/v2\/users\/1"}],"replies":[{"embeddable":true,"href":"https:\/\/www.carontechnology.com\/pt-pt\/wp-json\/wp\/v2\/comments?post=216730"}],"version-history":[{"count":0,"href":"https:\/\/www.carontechnology.com\/pt-pt\/wp-json\/wp\/v2\/product\/216730\/revisions"}],"wp:featuredmedia":[{"embeddable":true,"href":"https:\/\/www.carontechnology.com\/pt-pt\/wp-json\/wp\/v2\/media\/209980"}],"wp:attachment":[{"href":"https:\/\/www.carontechnology.com\/pt-pt\/wp-json\/wp\/v2\/media?parent=216730"}],"wp:term":[{"taxonomy":"category_product","embeddable":true,"href":"https:\/\/www.carontechnology.com\/pt-pt\/wp-json\/wp\/v2\/category_product?post=216730"},{"taxonomy":"category_sector","embeddable":true,"href":"https:\/\/www.carontechnology.com\/pt-pt\/wp-json\/wp\/v2\/category_sector?post=216730"}],"curies":[{"name":"wp","href":"https:\/\/api.w.org\/{rel}","templated":true}]}}