{"id":216633,"date":"2022-11-09T11:23:57","date_gmt":"2022-11-09T10:23:57","guid":{"rendered":"https:\/\/www.carontechnology.com\/prodotto\/puma-dd\/"},"modified":"2023-05-03T17:32:16","modified_gmt":"2023-05-03T15:32:16","slug":"puma-dd","status":"publish","type":"product","link":"https:\/\/www.carontechnology.com\/pt-pt\/produto\/puma-dd\/","title":{"rendered":"Puma DD"},"content":{"rendered":"\n<p>O estendedor autom\u00e1tico Puma DD patenteado pela Caron Technology revoluciona o sistema de identifica\u00e7\u00e3o de defeitos de tecido.<\/p>\n","protected":false},"excerpt":{"rendered":"<p>O estendedor autom\u00e1tico Puma DD patenteado pela Caron Technology revoluciona o sistema de identifica\u00e7\u00e3o de defeitos de tecido.<\/p>\n","protected":false},"author":1,"featured_media":209500,"parent":0,"menu_order":36,"comment_status":"closed","ping_status":"closed","template":"","format":"standard","category_product":[71],"category_sector":[63],"class_list":["post-216633","product","type-product","status-publish","format-standard","has-post-thumbnail","hentry","category_product-estendedores","category_sector-vestuario"],"acf":[],"_links":{"self":[{"href":"https:\/\/www.carontechnology.com\/pt-pt\/wp-json\/wp\/v2\/product\/216633","targetHints":{"allow":["GET"]}}],"collection":[{"href":"https:\/\/www.carontechnology.com\/pt-pt\/wp-json\/wp\/v2\/product"}],"about":[{"href":"https:\/\/www.carontechnology.com\/pt-pt\/wp-json\/wp\/v2\/types\/product"}],"author":[{"embeddable":true,"href":"https:\/\/www.carontechnology.com\/pt-pt\/wp-json\/wp\/v2\/users\/1"}],"replies":[{"embeddable":true,"href":"https:\/\/www.carontechnology.com\/pt-pt\/wp-json\/wp\/v2\/comments?post=216633"}],"version-history":[{"count":0,"href":"https:\/\/www.carontechnology.com\/pt-pt\/wp-json\/wp\/v2\/product\/216633\/revisions"}],"wp:featuredmedia":[{"embeddable":true,"href":"https:\/\/www.carontechnology.com\/pt-pt\/wp-json\/wp\/v2\/media\/209500"}],"wp:attachment":[{"href":"https:\/\/www.carontechnology.com\/pt-pt\/wp-json\/wp\/v2\/media?parent=216633"}],"wp:term":[{"taxonomy":"category_product","embeddable":true,"href":"https:\/\/www.carontechnology.com\/pt-pt\/wp-json\/wp\/v2\/category_product?post=216633"},{"taxonomy":"category_sector","embeddable":true,"href":"https:\/\/www.carontechnology.com\/pt-pt\/wp-json\/wp\/v2\/category_sector?post=216633"}],"curies":[{"name":"wp","href":"https:\/\/api.w.org\/{rel}","templated":true}]}}