{"id":216364,"date":"2022-11-09T11:07:32","date_gmt":"2022-11-09T10:07:32","guid":{"rendered":"https:\/\/www.carontechnology.com\/prodotto\/lion-100-200\/"},"modified":"2023-05-03T18:09:28","modified_gmt":"2023-05-03T16:09:28","slug":"lion-100-200","status":"publish","type":"product","link":"https:\/\/www.carontechnology.com\/pt-pt\/produto\/lion-100-200\/","title":{"rendered":"Lion 100 &#8211; 200"},"content":{"rendered":"\n<p>Uma express\u00e3o madura do nosso know-how, Lion \u00e9 um estendedor de tecido autom\u00e1tico com um design atrativo e um desempenho revolucion\u00e1rio para assegurar facilidade de utiliza\u00e7\u00e3o para o operador, a garantir a m\u00e1xima velocidade e qualidade de extens\u00e3o.<\/p>\n","protected":false},"excerpt":{"rendered":"<p>Uma express\u00e3o madura do nosso know-how, Lion \u00e9 um estendedor de tecido autom\u00e1tico com um design atrativo e um desempenho revolucion\u00e1rio para assegurar facilidade de utiliza\u00e7\u00e3o para o operador, a garantir a m\u00e1xima velocidade e qualidade de extens\u00e3o.<\/p>\n","protected":false},"author":1,"featured_media":209520,"parent":0,"menu_order":20,"comment_status":"closed","ping_status":"closed","template":"","format":"standard","category_product":[71],"category_sector":[64,63,72],"class_list":["post-216364","product","type-product","status-publish","format-standard","has-post-thumbnail","hentry","category_product-estendedores","category_sector-mobiliario","category_sector-vestuario","category_sector-tecidos-tecnicos"],"acf":[],"_links":{"self":[{"href":"https:\/\/www.carontechnology.com\/pt-pt\/wp-json\/wp\/v2\/product\/216364","targetHints":{"allow":["GET"]}}],"collection":[{"href":"https:\/\/www.carontechnology.com\/pt-pt\/wp-json\/wp\/v2\/product"}],"about":[{"href":"https:\/\/www.carontechnology.com\/pt-pt\/wp-json\/wp\/v2\/types\/product"}],"author":[{"embeddable":true,"href":"https:\/\/www.carontechnology.com\/pt-pt\/wp-json\/wp\/v2\/users\/1"}],"replies":[{"embeddable":true,"href":"https:\/\/www.carontechnology.com\/pt-pt\/wp-json\/wp\/v2\/comments?post=216364"}],"version-history":[{"count":0,"href":"https:\/\/www.carontechnology.com\/pt-pt\/wp-json\/wp\/v2\/product\/216364\/revisions"}],"wp:featuredmedia":[{"embeddable":true,"href":"https:\/\/www.carontechnology.com\/pt-pt\/wp-json\/wp\/v2\/media\/209520"}],"wp:attachment":[{"href":"https:\/\/www.carontechnology.com\/pt-pt\/wp-json\/wp\/v2\/media?parent=216364"}],"wp:term":[{"taxonomy":"category_product","embeddable":true,"href":"https:\/\/www.carontechnology.com\/pt-pt\/wp-json\/wp\/v2\/category_product?post=216364"},{"taxonomy":"category_sector","embeddable":true,"href":"https:\/\/www.carontechnology.com\/pt-pt\/wp-json\/wp\/v2\/category_sector?post=216364"}],"curies":[{"name":"wp","href":"https:\/\/api.w.org\/{rel}","templated":true}]}}