{"id":216101,"date":"2022-11-09T10:31:20","date_gmt":"2022-11-09T09:31:20","guid":{"rendered":"https:\/\/www.carontechnology.com\/prodotto\/flash\/"},"modified":"2023-05-03T18:10:08","modified_gmt":"2023-05-03T16:10:08","slug":"flash","status":"publish","type":"product","link":"https:\/\/www.carontechnology.com\/pt-pt\/produto\/flash\/","title":{"rendered":"Flash"},"content":{"rendered":"\n<p>O modelo Flash foi concebido para aqueles que escolhem uma m\u00e1quina mais \u201csimples\u201d mas ainda querem um processo de extens\u00e3o de alta qualidade. Neste estendedor autom\u00e1tico est\u00e1 contido o resultado dos nossos esfor\u00e7os, refletido na sua compacidade, versatilidade e facilidade de utiliza\u00e7\u00e3o.<\/p>\n","protected":false},"excerpt":{"rendered":"<p>O modelo Flash foi concebido para aqueles que escolhem uma m\u00e1quina mais \u201csimples\u201d mas ainda querem um processo de extens\u00e3o de alta qualidade. Neste estendedor autom\u00e1tico est\u00e1 contido o resultado dos nossos esfor\u00e7os, refletido na sua compacidade, versatilidade e facilidade de utiliza\u00e7\u00e3o.<\/p>\n","protected":false},"author":1,"featured_media":209518,"parent":0,"menu_order":16,"comment_status":"closed","ping_status":"closed","template":"","format":"standard","category_product":[71],"category_sector":[64,63],"class_list":["post-216101","product","type-product","status-publish","format-standard","has-post-thumbnail","hentry","category_product-estendedores","category_sector-mobiliario","category_sector-vestuario"],"acf":[],"_links":{"self":[{"href":"https:\/\/www.carontechnology.com\/pt-pt\/wp-json\/wp\/v2\/product\/216101","targetHints":{"allow":["GET"]}}],"collection":[{"href":"https:\/\/www.carontechnology.com\/pt-pt\/wp-json\/wp\/v2\/product"}],"about":[{"href":"https:\/\/www.carontechnology.com\/pt-pt\/wp-json\/wp\/v2\/types\/product"}],"author":[{"embeddable":true,"href":"https:\/\/www.carontechnology.com\/pt-pt\/wp-json\/wp\/v2\/users\/1"}],"replies":[{"embeddable":true,"href":"https:\/\/www.carontechnology.com\/pt-pt\/wp-json\/wp\/v2\/comments?post=216101"}],"version-history":[{"count":0,"href":"https:\/\/www.carontechnology.com\/pt-pt\/wp-json\/wp\/v2\/product\/216101\/revisions"}],"wp:featuredmedia":[{"embeddable":true,"href":"https:\/\/www.carontechnology.com\/pt-pt\/wp-json\/wp\/v2\/media\/209518"}],"wp:attachment":[{"href":"https:\/\/www.carontechnology.com\/pt-pt\/wp-json\/wp\/v2\/media?parent=216101"}],"wp:term":[{"taxonomy":"category_product","embeddable":true,"href":"https:\/\/www.carontechnology.com\/pt-pt\/wp-json\/wp\/v2\/category_product?post=216101"},{"taxonomy":"category_sector","embeddable":true,"href":"https:\/\/www.carontechnology.com\/pt-pt\/wp-json\/wp\/v2\/category_sector?post=216101"}],"curies":[{"name":"wp","href":"https:\/\/api.w.org\/{rel}","templated":true}]}}