{"id":215865,"date":"2022-11-09T10:07:03","date_gmt":"2022-11-09T09:07:03","guid":{"rendered":"https:\/\/www.carontechnology.com\/prodotto\/spider\/"},"modified":"2023-05-03T18:14:23","modified_gmt":"2023-05-03T16:14:23","slug":"spider","status":"publish","type":"product","link":"https:\/\/www.carontechnology.com\/pt-pt\/produto\/spider\/","title":{"rendered":"Spider"},"content":{"rendered":"\n<p>Patenteado pela Caron, o alimentador m\u00faltiplo \u201cSpider\u201d combina o cl\u00e1ssico carrossel com uma capacidade de carga de at\u00e9 6 pe\u00e7as de 50 kg cada com o Alimentador York.<\/p>\n","protected":false},"excerpt":{"rendered":"<p>Patenteado pela Caron, o alimentador m\u00faltiplo \u201cSpider\u201d combina o cl\u00e1ssico carrossel com uma capacidade de carga de at\u00e9 6 pe\u00e7as de 50 kg cada com o Alimentador York.<\/p>\n","protected":false},"author":1,"featured_media":209954,"parent":0,"menu_order":110,"comment_status":"closed","ping_status":"closed","template":"","format":"standard","category_product":[69],"category_sector":[63],"class_list":["post-215865","product","type-product","status-publish","format-standard","has-post-thumbnail","hentry","category_product-bercos-de-folha-unica","category_sector-vestuario"],"acf":[],"_links":{"self":[{"href":"https:\/\/www.carontechnology.com\/pt-pt\/wp-json\/wp\/v2\/product\/215865","targetHints":{"allow":["GET"]}}],"collection":[{"href":"https:\/\/www.carontechnology.com\/pt-pt\/wp-json\/wp\/v2\/product"}],"about":[{"href":"https:\/\/www.carontechnology.com\/pt-pt\/wp-json\/wp\/v2\/types\/product"}],"author":[{"embeddable":true,"href":"https:\/\/www.carontechnology.com\/pt-pt\/wp-json\/wp\/v2\/users\/1"}],"replies":[{"embeddable":true,"href":"https:\/\/www.carontechnology.com\/pt-pt\/wp-json\/wp\/v2\/comments?post=215865"}],"version-history":[{"count":0,"href":"https:\/\/www.carontechnology.com\/pt-pt\/wp-json\/wp\/v2\/product\/215865\/revisions"}],"wp:featuredmedia":[{"embeddable":true,"href":"https:\/\/www.carontechnology.com\/pt-pt\/wp-json\/wp\/v2\/media\/209954"}],"wp:attachment":[{"href":"https:\/\/www.carontechnology.com\/pt-pt\/wp-json\/wp\/v2\/media?parent=215865"}],"wp:term":[{"taxonomy":"category_product","embeddable":true,"href":"https:\/\/www.carontechnology.com\/pt-pt\/wp-json\/wp\/v2\/category_product?post=215865"},{"taxonomy":"category_sector","embeddable":true,"href":"https:\/\/www.carontechnology.com\/pt-pt\/wp-json\/wp\/v2\/category_sector?post=215865"}],"curies":[{"name":"wp","href":"https:\/\/api.w.org\/{rel}","templated":true}]}}