{"id":215662,"date":"2022-11-09T10:01:53","date_gmt":"2022-11-09T09:01:53","guid":{"rendered":"https:\/\/www.carontechnology.com\/prodotto\/titan\/"},"modified":"2023-05-03T18:14:05","modified_gmt":"2023-05-03T16:14:05","slug":"titan","status":"publish","type":"product","link":"https:\/\/www.carontechnology.com\/pt-pt\/produto\/titan\/","title":{"rendered":"Titan"},"content":{"rendered":"\n<p>O carregador de plataforma \u00fanica modelo TITAN levanta o rolo de tecido do solo at\u00e9 o ber\u00e7o de folha \u00fanica modelo York e vice-versa, a facilitar as opera\u00e7\u00f5es de carga e descarga. O novo carregador Titan \u00e9 compacto e com design moderno.<\/p>\n","protected":false},"excerpt":{"rendered":"<p>O carregador de plataforma \u00fanica modelo TITAN levanta o rolo de tecido do solo at\u00e9 o ber\u00e7o de folha \u00fanica modelo York e vice-versa, a facilitar as opera\u00e7\u00f5es de carga e descarga. O novo carregador Titan \u00e9 compacto e com design moderno.<\/p>\n","protected":false},"author":1,"featured_media":209504,"parent":0,"menu_order":103,"comment_status":"closed","ping_status":"closed","template":"","format":"standard","category_product":[62],"category_sector":[64,63],"class_list":["post-215662","product","type-product","status-publish","format-standard","has-post-thumbnail","hentry","category_product-sistemas-de-carga","category_sector-mobiliario","category_sector-vestuario"],"acf":[],"_links":{"self":[{"href":"https:\/\/www.carontechnology.com\/pt-pt\/wp-json\/wp\/v2\/product\/215662","targetHints":{"allow":["GET"]}}],"collection":[{"href":"https:\/\/www.carontechnology.com\/pt-pt\/wp-json\/wp\/v2\/product"}],"about":[{"href":"https:\/\/www.carontechnology.com\/pt-pt\/wp-json\/wp\/v2\/types\/product"}],"author":[{"embeddable":true,"href":"https:\/\/www.carontechnology.com\/pt-pt\/wp-json\/wp\/v2\/users\/1"}],"replies":[{"embeddable":true,"href":"https:\/\/www.carontechnology.com\/pt-pt\/wp-json\/wp\/v2\/comments?post=215662"}],"version-history":[{"count":0,"href":"https:\/\/www.carontechnology.com\/pt-pt\/wp-json\/wp\/v2\/product\/215662\/revisions"}],"wp:featuredmedia":[{"embeddable":true,"href":"https:\/\/www.carontechnology.com\/pt-pt\/wp-json\/wp\/v2\/media\/209504"}],"wp:attachment":[{"href":"https:\/\/www.carontechnology.com\/pt-pt\/wp-json\/wp\/v2\/media?parent=215662"}],"wp:term":[{"taxonomy":"category_product","embeddable":true,"href":"https:\/\/www.carontechnology.com\/pt-pt\/wp-json\/wp\/v2\/category_product?post=215662"},{"taxonomy":"category_sector","embeddable":true,"href":"https:\/\/www.carontechnology.com\/pt-pt\/wp-json\/wp\/v2\/category_sector?post=215662"}],"curies":[{"name":"wp","href":"https:\/\/api.w.org\/{rel}","templated":true}]}}