{"id":345167,"date":"2023-01-31T15:57:31","date_gmt":"2023-01-31T14:57:31","guid":{"rendered":"https:\/\/www.carontechnology.com\/maquinas-texteis\/"},"modified":"2023-02-28T16:23:03","modified_gmt":"2023-02-28T15:23:03","slug":"maquinas-texteis","status":"publish","type":"page","link":"https:\/\/www.carontechnology.com\/pt-pt\/maquinas-texteis\/","title":{"rendered":"M\u00e1quinas T\u00eaxteis"},"content":{"rendered":"\n<h2 class=\"wp-block-heading\">M\u00e1quinas t\u00eaxteis Caron Technology<\/h2>\n\n<p>Todas as nossas m\u00e1quinas t\u00eaxteis s\u00e3o constru\u00eddas com materiais de alta qualidade e s\u00e3o concebidas para um desempenho fi\u00e1vel e dur\u00e1vel.<\/p>\n\n<p>A sua tecnologia avan\u00e7ada e robustez fazem deles a escolha ideal para qualquer pessoa que deseje aumentar a sua produ\u00e7\u00e3o t\u00eaxtil.<\/p>\n\n<p>Estas m\u00e1quinas t\u00eaxteis oferecem uma solu\u00e7\u00e3o vers\u00e1til para todos os requisitos.<\/p>\n\n<p>N\u00e3o s\u00f3 o ajudar\u00e3o a alcan\u00e7ar resultados de alta qualidade, como tamb\u00e9m lhe poupar\u00e3o tempo e dinheiro.&#13;\n&#13;\nInvestir numa destas m\u00e1quinas t\u00eaxteis \u00e9 uma excelente escolha para qualquer empresa t\u00eaxtil que queira melhorar a sua produ\u00e7\u00e3o e manter-se a par das mais recentes inova\u00e7\u00f5es na ind\u00fastria.<\/p>\n","protected":false},"excerpt":{"rendered":"<p>M\u00e1quinas t\u00eaxteis Caron Technology Todas as nossas m\u00e1quinas t\u00eaxteis s\u00e3o constru\u00eddas com materiais de alta qualidade e s\u00e3o concebidas para um desempenho fi\u00e1vel e dur\u00e1vel. A sua tecnologia avan\u00e7ada e robustez fazem deles a escolha ideal para qualquer pessoa que deseje aumentar a sua produ\u00e7\u00e3o t\u00eaxtil. Estas m\u00e1quinas t\u00eaxteis oferecem uma solu\u00e7\u00e3o vers\u00e1til para todos [&hellip;]<\/p>\n","protected":false},"author":1,"featured_media":0,"parent":0,"menu_order":0,"comment_status":"closed","ping_status":"closed","template":"template\/products.php","meta":{"_acf_changed":false,"footnotes":""},"class_list":["post-345167","page","type-page","status-publish","hentry"],"acf":[],"_links":{"self":[{"href":"https:\/\/www.carontechnology.com\/pt-pt\/wp-json\/wp\/v2\/pages\/345167","targetHints":{"allow":["GET"]}}],"collection":[{"href":"https:\/\/www.carontechnology.com\/pt-pt\/wp-json\/wp\/v2\/pages"}],"about":[{"href":"https:\/\/www.carontechnology.com\/pt-pt\/wp-json\/wp\/v2\/types\/page"}],"author":[{"embeddable":true,"href":"https:\/\/www.carontechnology.com\/pt-pt\/wp-json\/wp\/v2\/users\/1"}],"replies":[{"embeddable":true,"href":"https:\/\/www.carontechnology.com\/pt-pt\/wp-json\/wp\/v2\/comments?post=345167"}],"version-history":[{"count":0,"href":"https:\/\/www.carontechnology.com\/pt-pt\/wp-json\/wp\/v2\/pages\/345167\/revisions"}],"wp:attachment":[{"href":"https:\/\/www.carontechnology.com\/pt-pt\/wp-json\/wp\/v2\/media?parent=345167"}],"curies":[{"name":"wp","href":"https:\/\/api.w.org\/{rel}","templated":true}]}}