{"id":215427,"date":"2022-11-09T09:13:18","date_gmt":"2022-11-09T08:13:18","guid":{"rendered":"https:\/\/www.carontechnology.com\/empresa\/"},"modified":"2023-02-28T16:19:02","modified_gmt":"2023-02-28T15:19:02","slug":"empresa","status":"publish","type":"page","link":"https:\/\/www.carontechnology.com\/pt-pt\/empresa\/","title":{"rendered":"Empresa"},"content":{"rendered":"\n<p>Caron Technology: Solu\u00e7\u00f5es digitais e integradas para a extens\u00e3o e o corte de materiais flex\u00edveis.<\/p>\n","protected":false},"excerpt":{"rendered":"<p>Caron Technology: Solu\u00e7\u00f5es digitais e integradas para a extens\u00e3o e o corte de materiais flex\u00edveis.<\/p>\n","protected":false},"author":1,"featured_media":210041,"parent":0,"menu_order":0,"comment_status":"closed","ping_status":"closed","template":"template\/corporate.php","meta":{"_acf_changed":false,"footnotes":""},"class_list":["post-215427","page","type-page","status-publish","has-post-thumbnail","hentry"],"acf":[],"_links":{"self":[{"href":"https:\/\/www.carontechnology.com\/pt-pt\/wp-json\/wp\/v2\/pages\/215427","targetHints":{"allow":["GET"]}}],"collection":[{"href":"https:\/\/www.carontechnology.com\/pt-pt\/wp-json\/wp\/v2\/pages"}],"about":[{"href":"https:\/\/www.carontechnology.com\/pt-pt\/wp-json\/wp\/v2\/types\/page"}],"author":[{"embeddable":true,"href":"https:\/\/www.carontechnology.com\/pt-pt\/wp-json\/wp\/v2\/users\/1"}],"replies":[{"embeddable":true,"href":"https:\/\/www.carontechnology.com\/pt-pt\/wp-json\/wp\/v2\/comments?post=215427"}],"version-history":[{"count":0,"href":"https:\/\/www.carontechnology.com\/pt-pt\/wp-json\/wp\/v2\/pages\/215427\/revisions"}],"wp:featuredmedia":[{"embeddable":true,"href":"https:\/\/www.carontechnology.com\/pt-pt\/wp-json\/wp\/v2\/media\/210041"}],"wp:attachment":[{"href":"https:\/\/www.carontechnology.com\/pt-pt\/wp-json\/wp\/v2\/media?parent=215427"}],"curies":[{"name":"wp","href":"https:\/\/api.w.org\/{rel}","templated":true}]}}