{"id":213932,"date":"2022-11-08T18:10:42","date_gmt":"2022-11-08T17:10:42","guid":{"rendered":"https:\/\/www.carontechnology.com\/prodotto\/table-de-deplacement\/"},"modified":"2023-05-03T18:13:42","modified_gmt":"2023-05-03T16:13:42","slug":"table-de-deplacement","status":"publish","type":"product","link":"https:\/\/www.carontechnology.com\/fr\/produit\/table-de-deplacement\/","title":{"rendered":"Table de transfert"},"content":{"rendered":"\n<p>La table de transfert Caron dispose de toutes les caract\u00e9ristiques d\u2019une table standard et les rails sont ins\u00e9r\u00e9s des deux c\u00f4t\u00e9s de la table, pour le coulissement de l&rsquo;\u00e9tendeur et d&rsquo;un c\u00f4t\u00e9 unique pour le glissement de la plate-forme de l&rsquo;op\u00e9rateur.<\/p>\n","protected":false},"excerpt":{"rendered":"<p>La table de transfert Caron dispose de toutes les caract\u00e9ristiques d\u2019une table standard et les rails sont ins\u00e9r\u00e9s des deux c\u00f4t\u00e9s de la table, pour le coulissement de l&rsquo;\u00e9tendeur et d&rsquo;un c\u00f4t\u00e9 unique pour le glissement de la plate-forme de l&rsquo;op\u00e9rateur.<\/p>\n","protected":false},"author":1,"featured_media":210028,"parent":0,"menu_order":92,"comment_status":"closed","ping_status":"closed","template":"","format":"standard","category_product":[61],"category_sector":[],"class_list":["post-213932","product","type-product","status-publish","format-standard","has-post-thumbnail","hentry","category_product-tables-de-coupe"],"acf":[],"_links":{"self":[{"href":"https:\/\/www.carontechnology.com\/fr\/wp-json\/wp\/v2\/product\/213932","targetHints":{"allow":["GET"]}}],"collection":[{"href":"https:\/\/www.carontechnology.com\/fr\/wp-json\/wp\/v2\/product"}],"about":[{"href":"https:\/\/www.carontechnology.com\/fr\/wp-json\/wp\/v2\/types\/product"}],"author":[{"embeddable":true,"href":"https:\/\/www.carontechnology.com\/fr\/wp-json\/wp\/v2\/users\/1"}],"replies":[{"embeddable":true,"href":"https:\/\/www.carontechnology.com\/fr\/wp-json\/wp\/v2\/comments?post=213932"}],"version-history":[{"count":0,"href":"https:\/\/www.carontechnology.com\/fr\/wp-json\/wp\/v2\/product\/213932\/revisions"}],"wp:featuredmedia":[{"embeddable":true,"href":"https:\/\/www.carontechnology.com\/fr\/wp-json\/wp\/v2\/media\/210028"}],"wp:attachment":[{"href":"https:\/\/www.carontechnology.com\/fr\/wp-json\/wp\/v2\/media?parent=213932"}],"wp:term":[{"taxonomy":"category_product","embeddable":true,"href":"https:\/\/www.carontechnology.com\/fr\/wp-json\/wp\/v2\/category_product?post=213932"},{"taxonomy":"category_sector","embeddable":true,"href":"https:\/\/www.carontechnology.com\/fr\/wp-json\/wp\/v2\/category_sector?post=213932"}],"curies":[{"name":"wp","href":"https:\/\/api.w.org\/{rel}","templated":true}]}}