{"id":213913,"date":"2022-11-08T18:08:06","date_gmt":"2022-11-08T17:08:06","guid":{"rendered":"https:\/\/www.carontechnology.com\/prodotto\/table-dallongement\/"},"modified":"2023-05-03T18:13:55","modified_gmt":"2023-05-03T16:13:55","slug":"table-dallongement","status":"publish","type":"product","link":"https:\/\/www.carontechnology.com\/fr\/produit\/table-dallongement\/","title":{"rendered":"Table d\u2019allongement"},"content":{"rendered":"\n<p>La table d&rsquo;allongement est une table fabriqu\u00e9e sur mesure qui est normalement appliqu\u00e9e en aval d&rsquo;une coupe automatique, pour augmenter la longueur de la zone de collecte des pi\u00e8ces.<\/p>\n","protected":false},"excerpt":{"rendered":"<p>La table d&rsquo;allongement est une table fabriqu\u00e9e sur mesure qui est normalement appliqu\u00e9e en aval d&rsquo;une coupe automatique, pour augmenter la longueur de la zone de collecte des pi\u00e8ces.<\/p>\n","protected":false},"author":1,"featured_media":210038,"parent":0,"menu_order":95,"comment_status":"closed","ping_status":"closed","template":"","format":"standard","category_product":[61],"category_sector":[],"class_list":["post-213913","product","type-product","status-publish","format-standard","has-post-thumbnail","hentry","category_product-tables-de-coupe"],"acf":[],"_links":{"self":[{"href":"https:\/\/www.carontechnology.com\/fr\/wp-json\/wp\/v2\/product\/213913","targetHints":{"allow":["GET"]}}],"collection":[{"href":"https:\/\/www.carontechnology.com\/fr\/wp-json\/wp\/v2\/product"}],"about":[{"href":"https:\/\/www.carontechnology.com\/fr\/wp-json\/wp\/v2\/types\/product"}],"author":[{"embeddable":true,"href":"https:\/\/www.carontechnology.com\/fr\/wp-json\/wp\/v2\/users\/1"}],"replies":[{"embeddable":true,"href":"https:\/\/www.carontechnology.com\/fr\/wp-json\/wp\/v2\/comments?post=213913"}],"version-history":[{"count":0,"href":"https:\/\/www.carontechnology.com\/fr\/wp-json\/wp\/v2\/product\/213913\/revisions"}],"wp:featuredmedia":[{"embeddable":true,"href":"https:\/\/www.carontechnology.com\/fr\/wp-json\/wp\/v2\/media\/210038"}],"wp:attachment":[{"href":"https:\/\/www.carontechnology.com\/fr\/wp-json\/wp\/v2\/media?parent=213913"}],"wp:term":[{"taxonomy":"category_product","embeddable":true,"href":"https:\/\/www.carontechnology.com\/fr\/wp-json\/wp\/v2\/category_product?post=213913"},{"taxonomy":"category_sector","embeddable":true,"href":"https:\/\/www.carontechnology.com\/fr\/wp-json\/wp\/v2\/category_sector?post=213913"}],"curies":[{"name":"wp","href":"https:\/\/api.w.org\/{rel}","templated":true}]}}