{"id":213895,"date":"2022-11-08T18:05:23","date_gmt":"2022-11-08T17:05:23","guid":{"rendered":"https:\/\/www.carontechnology.com\/prodotto\/table-a-aiguilles\/"},"modified":"2023-05-03T18:13:34","modified_gmt":"2023-05-03T16:13:34","slug":"table-a-aiguilles","status":"publish","type":"product","link":"https:\/\/www.carontechnology.com\/fr\/produit\/table-a-aiguilles\/","title":{"rendered":"Table d\u2019aiguilles"},"content":{"rendered":"\n<p>La table d&rsquo;aiguilles s\u2019adresse \u00e0 des applications sp\u00e9ciales o\u00f9 il faut aligner les tissus.<\/p>\n","protected":false},"excerpt":{"rendered":"<p>La table d&rsquo;aiguilles s\u2019adresse \u00e0 des applications sp\u00e9ciales o\u00f9 il faut aligner les tissus.<\/p>\n","protected":false},"author":1,"featured_media":210032,"parent":0,"menu_order":85,"comment_status":"closed","ping_status":"closed","template":"","format":"standard","category_product":[61],"category_sector":[],"class_list":["post-213895","product","type-product","status-publish","format-standard","has-post-thumbnail","hentry","category_product-tables-de-coupe"],"acf":[],"_links":{"self":[{"href":"https:\/\/www.carontechnology.com\/fr\/wp-json\/wp\/v2\/product\/213895","targetHints":{"allow":["GET"]}}],"collection":[{"href":"https:\/\/www.carontechnology.com\/fr\/wp-json\/wp\/v2\/product"}],"about":[{"href":"https:\/\/www.carontechnology.com\/fr\/wp-json\/wp\/v2\/types\/product"}],"author":[{"embeddable":true,"href":"https:\/\/www.carontechnology.com\/fr\/wp-json\/wp\/v2\/users\/1"}],"replies":[{"embeddable":true,"href":"https:\/\/www.carontechnology.com\/fr\/wp-json\/wp\/v2\/comments?post=213895"}],"version-history":[{"count":0,"href":"https:\/\/www.carontechnology.com\/fr\/wp-json\/wp\/v2\/product\/213895\/revisions"}],"wp:featuredmedia":[{"embeddable":true,"href":"https:\/\/www.carontechnology.com\/fr\/wp-json\/wp\/v2\/media\/210032"}],"wp:attachment":[{"href":"https:\/\/www.carontechnology.com\/fr\/wp-json\/wp\/v2\/media?parent=213895"}],"wp:term":[{"taxonomy":"category_product","embeddable":true,"href":"https:\/\/www.carontechnology.com\/fr\/wp-json\/wp\/v2\/category_product?post=213895"},{"taxonomy":"category_sector","embeddable":true,"href":"https:\/\/www.carontechnology.com\/fr\/wp-json\/wp\/v2\/category_sector?post=213895"}],"curies":[{"name":"wp","href":"https:\/\/api.w.org\/{rel}","templated":true}]}}