{"id":213881,"date":"2022-11-08T18:01:29","date_gmt":"2022-11-08T17:01:29","guid":{"rendered":"https:\/\/www.carontechnology.com\/prodotto\/table-conveyor\/"},"modified":"2023-05-03T18:13:24","modified_gmt":"2023-05-03T16:13:24","slug":"table-conveyor","status":"publish","type":"product","link":"https:\/\/www.carontechnology.com\/fr\/produit\/table-conveyor\/","title":{"rendered":"Conveyor Table"},"content":{"rendered":"\n<p>La table \u00e0 tapis rolant, associ\u00e9e \u00e0 la coupe automatique, est la solution id\u00e9ale pour une manutention rapide et sans tension du matelas, de l\u2019espace de pose \u00e0 la coupe.<\/p>\n","protected":false},"excerpt":{"rendered":"<p>La table \u00e0 tapis rolant, associ\u00e9e \u00e0 la coupe automatique, est la solution id\u00e9ale pour une manutention rapide et sans tension du matelas, de l\u2019espace de pose \u00e0 la coupe.<\/p>\n","protected":false},"author":1,"featured_media":210036,"parent":0,"menu_order":81,"comment_status":"closed","ping_status":"closed","template":"","format":"standard","category_product":[61],"category_sector":[],"class_list":["post-213881","product","type-product","status-publish","format-standard","has-post-thumbnail","hentry","category_product-tables-de-coupe"],"acf":[],"_links":{"self":[{"href":"https:\/\/www.carontechnology.com\/fr\/wp-json\/wp\/v2\/product\/213881","targetHints":{"allow":["GET"]}}],"collection":[{"href":"https:\/\/www.carontechnology.com\/fr\/wp-json\/wp\/v2\/product"}],"about":[{"href":"https:\/\/www.carontechnology.com\/fr\/wp-json\/wp\/v2\/types\/product"}],"author":[{"embeddable":true,"href":"https:\/\/www.carontechnology.com\/fr\/wp-json\/wp\/v2\/users\/1"}],"replies":[{"embeddable":true,"href":"https:\/\/www.carontechnology.com\/fr\/wp-json\/wp\/v2\/comments?post=213881"}],"version-history":[{"count":0,"href":"https:\/\/www.carontechnology.com\/fr\/wp-json\/wp\/v2\/product\/213881\/revisions"}],"wp:featuredmedia":[{"embeddable":true,"href":"https:\/\/www.carontechnology.com\/fr\/wp-json\/wp\/v2\/media\/210036"}],"wp:attachment":[{"href":"https:\/\/www.carontechnology.com\/fr\/wp-json\/wp\/v2\/media?parent=213881"}],"wp:term":[{"taxonomy":"category_product","embeddable":true,"href":"https:\/\/www.carontechnology.com\/fr\/wp-json\/wp\/v2\/category_product?post=213881"},{"taxonomy":"category_sector","embeddable":true,"href":"https:\/\/www.carontechnology.com\/fr\/wp-json\/wp\/v2\/category_sector?post=213881"}],"curies":[{"name":"wp","href":"https:\/\/api.w.org\/{rel}","templated":true}]}}