{"id":213689,"date":"2022-11-08T17:45:46","date_gmt":"2022-11-08T16:45:46","guid":{"rendered":"https:\/\/www.carontechnology.com\/prodotto\/seattle\/"},"modified":"2023-05-03T18:14:11","modified_gmt":"2023-05-03T16:14:11","slug":"seattle","status":"publish","type":"product","link":"https:\/\/www.carontechnology.com\/fr\/produit\/seattle\/","title":{"rendered":"Seattle"},"content":{"rendered":"\n<p>Le Feeder Seattle vient des exigences de clients toujours plus nombreux, \u00e0 d\u00e9rouler du mat\u00e9riel technique lourd.<\/p>\n","protected":false},"excerpt":{"rendered":"<p>Le Feeder Seattle vient des exigences de clients toujours plus nombreux, \u00e0 d\u00e9rouler du mat\u00e9riel technique lourd.<\/p>\n","protected":false},"author":1,"featured_media":209666,"parent":0,"menu_order":106,"comment_status":"closed","ping_status":"closed","template":"","format":"standard","category_product":[58],"category_sector":[60],"class_list":["post-213689","product","type-product","status-publish","format-standard","has-post-thumbnail","hentry","category_product-alimenteur-monocouche","category_sector-tissus-techniques"],"acf":[],"_links":{"self":[{"href":"https:\/\/www.carontechnology.com\/fr\/wp-json\/wp\/v2\/product\/213689","targetHints":{"allow":["GET"]}}],"collection":[{"href":"https:\/\/www.carontechnology.com\/fr\/wp-json\/wp\/v2\/product"}],"about":[{"href":"https:\/\/www.carontechnology.com\/fr\/wp-json\/wp\/v2\/types\/product"}],"author":[{"embeddable":true,"href":"https:\/\/www.carontechnology.com\/fr\/wp-json\/wp\/v2\/users\/1"}],"replies":[{"embeddable":true,"href":"https:\/\/www.carontechnology.com\/fr\/wp-json\/wp\/v2\/comments?post=213689"}],"version-history":[{"count":0,"href":"https:\/\/www.carontechnology.com\/fr\/wp-json\/wp\/v2\/product\/213689\/revisions"}],"wp:featuredmedia":[{"embeddable":true,"href":"https:\/\/www.carontechnology.com\/fr\/wp-json\/wp\/v2\/media\/209666"}],"wp:attachment":[{"href":"https:\/\/www.carontechnology.com\/fr\/wp-json\/wp\/v2\/media?parent=213689"}],"wp:term":[{"taxonomy":"category_product","embeddable":true,"href":"https:\/\/www.carontechnology.com\/fr\/wp-json\/wp\/v2\/category_product?post=213689"},{"taxonomy":"category_sector","embeddable":true,"href":"https:\/\/www.carontechnology.com\/fr\/wp-json\/wp\/v2\/category_sector?post=213689"}],"curies":[{"name":"wp","href":"https:\/\/api.w.org\/{rel}","templated":true}]}}