{"id":213668,"date":"2022-11-08T17:43:48","date_gmt":"2022-11-08T16:43:48","guid":{"rendered":"https:\/\/www.carontechnology.com\/prodotto\/lion-h40\/"},"modified":"2023-05-03T18:11:11","modified_gmt":"2023-05-03T16:11:11","slug":"lion-h40","status":"publish","type":"product","link":"https:\/\/www.carontechnology.com\/fr\/produit\/lion-h40\/","title":{"rendered":"Lion H40"},"content":{"rendered":"\n<p>Application sp\u00e9ciale du mod\u00e8le Lion S, l&rsquo;\u00e9tendeur Lion H40 est une machine d\u00e9di\u00e9e \u00e0 l\u2019univers de pose de mat\u00e9riaux volumineux, comme l\u2019Ovatta.<\/p>\n","protected":false},"excerpt":{"rendered":"<p>Application sp\u00e9ciale du mod\u00e8le Lion S, l&rsquo;\u00e9tendeur Lion H40 est une machine d\u00e9di\u00e9e \u00e0 l\u2019univers de pose de mat\u00e9riaux volumineux, comme l\u2019Ovatta.<\/p>\n","protected":false},"author":1,"featured_media":209977,"parent":0,"menu_order":29,"comment_status":"closed","ping_status":"closed","template":"","format":"standard","category_product":[59],"category_sector":[57],"class_list":["post-213668","product","type-product","status-publish","format-standard","has-post-thumbnail","hentry","category_product-etendeurs","category_sector-ameublement"],"acf":[],"_links":{"self":[{"href":"https:\/\/www.carontechnology.com\/fr\/wp-json\/wp\/v2\/product\/213668","targetHints":{"allow":["GET"]}}],"collection":[{"href":"https:\/\/www.carontechnology.com\/fr\/wp-json\/wp\/v2\/product"}],"about":[{"href":"https:\/\/www.carontechnology.com\/fr\/wp-json\/wp\/v2\/types\/product"}],"author":[{"embeddable":true,"href":"https:\/\/www.carontechnology.com\/fr\/wp-json\/wp\/v2\/users\/1"}],"replies":[{"embeddable":true,"href":"https:\/\/www.carontechnology.com\/fr\/wp-json\/wp\/v2\/comments?post=213668"}],"version-history":[{"count":0,"href":"https:\/\/www.carontechnology.com\/fr\/wp-json\/wp\/v2\/product\/213668\/revisions"}],"wp:featuredmedia":[{"embeddable":true,"href":"https:\/\/www.carontechnology.com\/fr\/wp-json\/wp\/v2\/media\/209977"}],"wp:attachment":[{"href":"https:\/\/www.carontechnology.com\/fr\/wp-json\/wp\/v2\/media?parent=213668"}],"wp:term":[{"taxonomy":"category_product","embeddable":true,"href":"https:\/\/www.carontechnology.com\/fr\/wp-json\/wp\/v2\/category_product?post=213668"},{"taxonomy":"category_sector","embeddable":true,"href":"https:\/\/www.carontechnology.com\/fr\/wp-json\/wp\/v2\/category_sector?post=213668"}],"curies":[{"name":"wp","href":"https:\/\/api.w.org\/{rel}","templated":true}]}}