{"id":213649,"date":"2022-11-08T17:38:28","date_gmt":"2022-11-08T16:38:28","guid":{"rendered":"https:\/\/www.carontechnology.com\/prodotto\/bolt\/"},"modified":"2023-05-03T18:02:02","modified_gmt":"2023-05-03T16:02:02","slug":"bolt","status":"publish","type":"product","link":"https:\/\/www.carontechnology.com\/fr\/produit\/bolt\/","title":{"rendered":"Bolt"},"content":{"rendered":"\n<p>Machine d&rsquo;entr\u00e9e de gamme associant parfaitement la simplicit\u00e9 d\u2019utilisation \u00e0 l\u2019efficacit\u00e9 de production. La machine peut \u00eatre d\u00e9plac\u00e9e manuellement en toute simplicit\u00e9 et permet d&rsquo;\u00e9tendre de mani\u00e8re semi-automatique diff\u00e9rents types de tissu en rouleau, pesant jusqu\u2019\u00e0 50 kg.<\/p>\n","protected":false},"excerpt":{"rendered":"<p>Machine d&rsquo;entr\u00e9e de gamme associant parfaitement la simplicit\u00e9 d\u2019utilisation \u00e0 l\u2019efficacit\u00e9 de production. La machine peut \u00eatre d\u00e9plac\u00e9e manuellement en toute simplicit\u00e9 et permet d&rsquo;\u00e9tendre de mani\u00e8re semi-automatique diff\u00e9rents types de tissu en rouleau, pesant jusqu\u2019\u00e0 50 kg.<\/p>\n","protected":false},"author":1,"featured_media":209511,"parent":0,"menu_order":8,"comment_status":"closed","ping_status":"closed","template":"","format":"standard","category_product":[59],"category_sector":[57],"class_list":["post-213649","product","type-product","status-publish","format-standard","has-post-thumbnail","hentry","category_product-etendeurs","category_sector-ameublement"],"acf":[],"_links":{"self":[{"href":"https:\/\/www.carontechnology.com\/fr\/wp-json\/wp\/v2\/product\/213649","targetHints":{"allow":["GET"]}}],"collection":[{"href":"https:\/\/www.carontechnology.com\/fr\/wp-json\/wp\/v2\/product"}],"about":[{"href":"https:\/\/www.carontechnology.com\/fr\/wp-json\/wp\/v2\/types\/product"}],"author":[{"embeddable":true,"href":"https:\/\/www.carontechnology.com\/fr\/wp-json\/wp\/v2\/users\/1"}],"replies":[{"embeddable":true,"href":"https:\/\/www.carontechnology.com\/fr\/wp-json\/wp\/v2\/comments?post=213649"}],"version-history":[{"count":0,"href":"https:\/\/www.carontechnology.com\/fr\/wp-json\/wp\/v2\/product\/213649\/revisions"}],"wp:featuredmedia":[{"embeddable":true,"href":"https:\/\/www.carontechnology.com\/fr\/wp-json\/wp\/v2\/media\/209511"}],"wp:attachment":[{"href":"https:\/\/www.carontechnology.com\/fr\/wp-json\/wp\/v2\/media?parent=213649"}],"wp:term":[{"taxonomy":"category_product","embeddable":true,"href":"https:\/\/www.carontechnology.com\/fr\/wp-json\/wp\/v2\/category_product?post=213649"},{"taxonomy":"category_sector","embeddable":true,"href":"https:\/\/www.carontechnology.com\/fr\/wp-json\/wp\/v2\/category_sector?post=213649"}],"curies":[{"name":"wp","href":"https:\/\/api.w.org\/{rel}","templated":true}]}}