{"id":213596,"date":"2022-11-08T17:24:06","date_gmt":"2022-11-08T16:24:06","guid":{"rendered":"https:\/\/www.carontechnology.com\/prodotto\/york-4-0\/"},"modified":"2023-05-03T18:12:54","modified_gmt":"2023-05-03T16:12:54","slug":"york-4-0","status":"publish","type":"product","link":"https:\/\/www.carontechnology.com\/fr\/produit\/york-4-0\/","title":{"rendered":"York 4.0"},"content":{"rendered":"\n<p>Enti\u00e8rement d\u00e9velopp\u00e9 dans une optique 4.0, le berceau York 4.0 est l&rsquo;\u00e9volution naturelle du berceau York 1.<\/p>\n","protected":false},"excerpt":{"rendered":"<p>Enti\u00e8rement d\u00e9velopp\u00e9 dans une optique 4.0, le berceau York 4.0 est l&rsquo;\u00e9volution naturelle du berceau York 1.<\/p>\n","protected":false},"author":1,"featured_media":209674,"parent":0,"menu_order":66,"comment_status":"closed","ping_status":"closed","template":"","format":"standard","category_product":[58],"category_sector":[56],"class_list":["post-213596","product","type-product","status-publish","format-standard","has-post-thumbnail","hentry","category_product-alimenteur-monocouche","category_sector-habillement"],"acf":[],"_links":{"self":[{"href":"https:\/\/www.carontechnology.com\/fr\/wp-json\/wp\/v2\/product\/213596","targetHints":{"allow":["GET"]}}],"collection":[{"href":"https:\/\/www.carontechnology.com\/fr\/wp-json\/wp\/v2\/product"}],"about":[{"href":"https:\/\/www.carontechnology.com\/fr\/wp-json\/wp\/v2\/types\/product"}],"author":[{"embeddable":true,"href":"https:\/\/www.carontechnology.com\/fr\/wp-json\/wp\/v2\/users\/1"}],"replies":[{"embeddable":true,"href":"https:\/\/www.carontechnology.com\/fr\/wp-json\/wp\/v2\/comments?post=213596"}],"version-history":[{"count":0,"href":"https:\/\/www.carontechnology.com\/fr\/wp-json\/wp\/v2\/product\/213596\/revisions"}],"wp:featuredmedia":[{"embeddable":true,"href":"https:\/\/www.carontechnology.com\/fr\/wp-json\/wp\/v2\/media\/209674"}],"wp:attachment":[{"href":"https:\/\/www.carontechnology.com\/fr\/wp-json\/wp\/v2\/media?parent=213596"}],"wp:term":[{"taxonomy":"category_product","embeddable":true,"href":"https:\/\/www.carontechnology.com\/fr\/wp-json\/wp\/v2\/category_product?post=213596"},{"taxonomy":"category_sector","embeddable":true,"href":"https:\/\/www.carontechnology.com\/fr\/wp-json\/wp\/v2\/category_sector?post=213596"}],"curies":[{"name":"wp","href":"https:\/\/api.w.org\/{rel}","templated":true}]}}