{"id":213502,"date":"2022-11-08T16:54:57","date_gmt":"2022-11-08T15:54:57","guid":{"rendered":"https:\/\/www.carontechnology.com\/prodotto\/mask\/"},"modified":"2023-05-03T18:11:20","modified_gmt":"2023-05-03T16:11:20","slug":"mask","status":"publish","type":"product","link":"https:\/\/www.carontechnology.com\/fr\/produit\/mask\/","title":{"rendered":"Mask"},"content":{"rendered":"\n<p>\u00c9tendeur num\u00e9rique MASK avec technologie EtherCAT int\u00e9gr\u00e9e\u00b0: \u00e9lectronique d\u2019industrie tr\u00e8s rapide qui garantit une communication entre les diff\u00e9rentes parties de la machine, avec le bon ordre en nanosecondes. Interconnexion via le protocole REST avec lecture de fichiers standard qui garantit la pleine compatibilit\u00e9 et le respect des principes de l&rsquo;IoT.<\/p>\n","protected":false},"excerpt":{"rendered":"<p>\u00c9tendeur num\u00e9rique MASK avec technologie EtherCAT int\u00e9gr\u00e9e\u00b0: \u00e9lectronique d\u2019industrie tr\u00e8s rapide qui garantit une communication entre les diff\u00e9rentes parties de la machine, avec le bon ordre en nanosecondes. Interconnexion via le protocole REST avec lecture de fichiers standard qui garantit la pleine compatibilit\u00e9 et le respect des principes de l&rsquo;IoT.<\/p>\n","protected":false},"author":1,"featured_media":209979,"parent":0,"menu_order":40,"comment_status":"closed","ping_status":"closed","template":"","format":"standard","category_product":[59],"category_sector":[56,60],"class_list":["post-213502","product","type-product","status-publish","format-standard","has-post-thumbnail","hentry","category_product-etendeurs","category_sector-habillement","category_sector-tissus-techniques"],"acf":[],"_links":{"self":[{"href":"https:\/\/www.carontechnology.com\/fr\/wp-json\/wp\/v2\/product\/213502","targetHints":{"allow":["GET"]}}],"collection":[{"href":"https:\/\/www.carontechnology.com\/fr\/wp-json\/wp\/v2\/product"}],"about":[{"href":"https:\/\/www.carontechnology.com\/fr\/wp-json\/wp\/v2\/types\/product"}],"author":[{"embeddable":true,"href":"https:\/\/www.carontechnology.com\/fr\/wp-json\/wp\/v2\/users\/1"}],"replies":[{"embeddable":true,"href":"https:\/\/www.carontechnology.com\/fr\/wp-json\/wp\/v2\/comments?post=213502"}],"version-history":[{"count":0,"href":"https:\/\/www.carontechnology.com\/fr\/wp-json\/wp\/v2\/product\/213502\/revisions"}],"wp:featuredmedia":[{"embeddable":true,"href":"https:\/\/www.carontechnology.com\/fr\/wp-json\/wp\/v2\/media\/209979"}],"wp:attachment":[{"href":"https:\/\/www.carontechnology.com\/fr\/wp-json\/wp\/v2\/media?parent=213502"}],"wp:term":[{"taxonomy":"category_product","embeddable":true,"href":"https:\/\/www.carontechnology.com\/fr\/wp-json\/wp\/v2\/category_product?post=213502"},{"taxonomy":"category_sector","embeddable":true,"href":"https:\/\/www.carontechnology.com\/fr\/wp-json\/wp\/v2\/category_sector?post=213502"}],"curies":[{"name":"wp","href":"https:\/\/api.w.org\/{rel}","templated":true}]}}