{"id":213430,"date":"2022-11-08T16:25:11","date_gmt":"2022-11-08T15:25:11","guid":{"rendered":"https:\/\/www.carontechnology.com\/prodotto\/puma-dd\/"},"modified":"2023-05-03T17:32:16","modified_gmt":"2023-05-03T15:32:16","slug":"puma-dd","status":"publish","type":"product","link":"https:\/\/www.carontechnology.com\/fr\/produit\/puma-dd\/","title":{"rendered":"Puma DD"},"content":{"rendered":"\n<p>L\u2019\u00e9tendeur automatique Puma DD brevet\u00e9 par Caron Technology r\u00e9volutionne le syst\u00e8me d\u2019identification des d\u00e9fauts de tissu.<\/p>\n","protected":false},"excerpt":{"rendered":"<p>L\u2019\u00e9tendeur automatique Puma DD brevet\u00e9 par Caron Technology r\u00e9volutionne le syst\u00e8me d\u2019identification des d\u00e9fauts de tissu.<\/p>\n","protected":false},"author":1,"featured_media":209499,"parent":0,"menu_order":36,"comment_status":"closed","ping_status":"closed","template":"","format":"standard","category_product":[59],"category_sector":[56],"class_list":["post-213430","product","type-product","status-publish","format-standard","has-post-thumbnail","hentry","category_product-etendeurs","category_sector-habillement"],"acf":[],"_links":{"self":[{"href":"https:\/\/www.carontechnology.com\/fr\/wp-json\/wp\/v2\/product\/213430","targetHints":{"allow":["GET"]}}],"collection":[{"href":"https:\/\/www.carontechnology.com\/fr\/wp-json\/wp\/v2\/product"}],"about":[{"href":"https:\/\/www.carontechnology.com\/fr\/wp-json\/wp\/v2\/types\/product"}],"author":[{"embeddable":true,"href":"https:\/\/www.carontechnology.com\/fr\/wp-json\/wp\/v2\/users\/1"}],"replies":[{"embeddable":true,"href":"https:\/\/www.carontechnology.com\/fr\/wp-json\/wp\/v2\/comments?post=213430"}],"version-history":[{"count":0,"href":"https:\/\/www.carontechnology.com\/fr\/wp-json\/wp\/v2\/product\/213430\/revisions"}],"wp:featuredmedia":[{"embeddable":true,"href":"https:\/\/www.carontechnology.com\/fr\/wp-json\/wp\/v2\/media\/209499"}],"wp:attachment":[{"href":"https:\/\/www.carontechnology.com\/fr\/wp-json\/wp\/v2\/media?parent=213430"}],"wp:term":[{"taxonomy":"category_product","embeddable":true,"href":"https:\/\/www.carontechnology.com\/fr\/wp-json\/wp\/v2\/category_product?post=213430"},{"taxonomy":"category_sector","embeddable":true,"href":"https:\/\/www.carontechnology.com\/fr\/wp-json\/wp\/v2\/category_sector?post=213430"}],"curies":[{"name":"wp","href":"https:\/\/api.w.org\/{rel}","templated":true}]}}