{"id":213224,"date":"2022-11-08T15:56:36","date_gmt":"2022-11-08T14:56:36","guid":{"rendered":"https:\/\/www.carontechnology.com\/prodotto\/lion-100-200\/"},"modified":"2023-05-03T18:09:18","modified_gmt":"2023-05-03T16:09:18","slug":"lion-100-200","status":"publish","type":"product","link":"https:\/\/www.carontechnology.com\/fr\/produit\/lion-100-200\/","title":{"rendered":"Lion 100 &#8211; 200"},"content":{"rendered":"\n<p>Expression mature de notre savoir-faire, Lion est une machine \u00e0 \u00e9tirer automatique au design attrayant et aux performances r\u00e9volutionnaires pour assurer \u00e0 l&rsquo;op\u00e9rateur une simplicit\u00e9 d\u2019utilisation, tout en lui garantissant une vitesse et une qualit\u00e9 de pr\u00e9paration maximales.<\/p>\n","protected":false},"excerpt":{"rendered":"<p>Expression mature de notre savoir-faire, Lion est une machine \u00e0 \u00e9tirer automatique au design attrayant et aux performances r\u00e9volutionnaires pour assurer \u00e0 l&rsquo;op\u00e9rateur une simplicit\u00e9 d\u2019utilisation, tout en lui garantissant une vitesse et une qualit\u00e9 de pr\u00e9paration maximales.<\/p>\n","protected":false},"author":1,"featured_media":209519,"parent":0,"menu_order":20,"comment_status":"closed","ping_status":"closed","template":"","format":"standard","category_product":[59],"category_sector":[57,56,60],"class_list":["post-213224","product","type-product","status-publish","format-standard","has-post-thumbnail","hentry","category_product-etendeurs","category_sector-ameublement","category_sector-habillement","category_sector-tissus-techniques"],"acf":[],"_links":{"self":[{"href":"https:\/\/www.carontechnology.com\/fr\/wp-json\/wp\/v2\/product\/213224","targetHints":{"allow":["GET"]}}],"collection":[{"href":"https:\/\/www.carontechnology.com\/fr\/wp-json\/wp\/v2\/product"}],"about":[{"href":"https:\/\/www.carontechnology.com\/fr\/wp-json\/wp\/v2\/types\/product"}],"author":[{"embeddable":true,"href":"https:\/\/www.carontechnology.com\/fr\/wp-json\/wp\/v2\/users\/1"}],"replies":[{"embeddable":true,"href":"https:\/\/www.carontechnology.com\/fr\/wp-json\/wp\/v2\/comments?post=213224"}],"version-history":[{"count":0,"href":"https:\/\/www.carontechnology.com\/fr\/wp-json\/wp\/v2\/product\/213224\/revisions"}],"wp:featuredmedia":[{"embeddable":true,"href":"https:\/\/www.carontechnology.com\/fr\/wp-json\/wp\/v2\/media\/209519"}],"wp:attachment":[{"href":"https:\/\/www.carontechnology.com\/fr\/wp-json\/wp\/v2\/media?parent=213224"}],"wp:term":[{"taxonomy":"category_product","embeddable":true,"href":"https:\/\/www.carontechnology.com\/fr\/wp-json\/wp\/v2\/category_product?post=213224"},{"taxonomy":"category_sector","embeddable":true,"href":"https:\/\/www.carontechnology.com\/fr\/wp-json\/wp\/v2\/category_sector?post=213224"}],"curies":[{"name":"wp","href":"https:\/\/api.w.org\/{rel}","templated":true}]}}