{"id":212811,"date":"2022-11-08T15:30:53","date_gmt":"2022-11-08T14:30:53","guid":{"rendered":"https:\/\/www.carontechnology.com\/prodotto\/flash\/"},"modified":"2023-05-03T18:08:46","modified_gmt":"2023-05-03T16:08:46","slug":"flash","status":"publish","type":"product","link":"https:\/\/www.carontechnology.com\/fr\/produit\/flash\/","title":{"rendered":"Flash"},"content":{"rendered":"\n<p>Le mod\u00e8le Flash a \u00e9t\u00e9 con\u00e7u pour ceux qui, tout en choisissant une machine plus \u00ab\u00b0simple\u00b0\u00bb, veulent tout de m\u00eame disposer d\u2019un proc\u00e9d\u00e9 de pose haute qualit\u00e9. Sur cet \u00e9tendeur automatique, on retrouve le r\u00e9sultat de notre engagement, refl\u00e9t\u00e9 par la compacit\u00e9, la polyvalence et la facilit\u00e9 d\u2019utilisation du produit.<\/p>\n","protected":false},"excerpt":{"rendered":"<p>Le mod\u00e8le Flash a \u00e9t\u00e9 con\u00e7u pour ceux qui, tout en choisissant une machine plus \u00ab\u00b0simple\u00b0\u00bb, veulent tout de m\u00eame disposer d\u2019un proc\u00e9d\u00e9 de pose haute qualit\u00e9. Sur cet \u00e9tendeur automatique, on retrouve le r\u00e9sultat de notre engagement, refl\u00e9t\u00e9 par la compacit\u00e9, la polyvalence et la facilit\u00e9 d\u2019utilisation du produit.<\/p>\n","protected":false},"author":1,"featured_media":209517,"parent":0,"menu_order":16,"comment_status":"closed","ping_status":"closed","template":"","format":"standard","category_product":[59],"category_sector":[57,56],"class_list":["post-212811","product","type-product","status-publish","format-standard","has-post-thumbnail","hentry","category_product-etendeurs","category_sector-ameublement","category_sector-habillement"],"acf":[],"_links":{"self":[{"href":"https:\/\/www.carontechnology.com\/fr\/wp-json\/wp\/v2\/product\/212811","targetHints":{"allow":["GET"]}}],"collection":[{"href":"https:\/\/www.carontechnology.com\/fr\/wp-json\/wp\/v2\/product"}],"about":[{"href":"https:\/\/www.carontechnology.com\/fr\/wp-json\/wp\/v2\/types\/product"}],"author":[{"embeddable":true,"href":"https:\/\/www.carontechnology.com\/fr\/wp-json\/wp\/v2\/users\/1"}],"replies":[{"embeddable":true,"href":"https:\/\/www.carontechnology.com\/fr\/wp-json\/wp\/v2\/comments?post=212811"}],"version-history":[{"count":0,"href":"https:\/\/www.carontechnology.com\/fr\/wp-json\/wp\/v2\/product\/212811\/revisions"}],"wp:featuredmedia":[{"embeddable":true,"href":"https:\/\/www.carontechnology.com\/fr\/wp-json\/wp\/v2\/media\/209517"}],"wp:attachment":[{"href":"https:\/\/www.carontechnology.com\/fr\/wp-json\/wp\/v2\/media?parent=212811"}],"wp:term":[{"taxonomy":"category_product","embeddable":true,"href":"https:\/\/www.carontechnology.com\/fr\/wp-json\/wp\/v2\/category_product?post=212811"},{"taxonomy":"category_sector","embeddable":true,"href":"https:\/\/www.carontechnology.com\/fr\/wp-json\/wp\/v2\/category_sector?post=212811"}],"curies":[{"name":"wp","href":"https:\/\/api.w.org\/{rel}","templated":true}]}}