{"id":212382,"date":"2022-11-08T14:58:34","date_gmt":"2022-11-08T13:58:34","guid":{"rendered":"https:\/\/www.carontechnology.com\/prodotto\/titan\/"},"modified":"2023-05-03T18:14:04","modified_gmt":"2023-05-03T16:14:04","slug":"titan","status":"publish","type":"product","link":"https:\/\/www.carontechnology.com\/fr\/produit\/titan\/","title":{"rendered":"Titan"},"content":{"rendered":"\n<p>La machine de chargement \u00e0 plate-forme unique, mod\u00e8le TITAN, fait monter des rouleaux de tissu du sol \u00e0 l\u2019alimenteur monocouche mod\u00e8le York et inversement, ce qui facilite le chargement et de d\u00e9chargement du tissu. Le nouveau chargeur Titan est <strong>compact<\/strong> et pr\u00e9sente un <strong>design moderne<\/strong>.<\/p>\n","protected":false},"excerpt":{"rendered":"<p>La machine de chargement \u00e0 plate-forme unique, mod\u00e8le TITAN, fait monter des rouleaux de tissu du sol \u00e0 l\u2019alimenteur monocouche mod\u00e8le York et inversement, ce qui facilite le chargement et de d\u00e9chargement du tissu. Le nouveau chargeur Titan est compact et pr\u00e9sente un design moderne.<\/p>\n","protected":false},"author":1,"featured_media":209503,"parent":0,"menu_order":103,"comment_status":"closed","ping_status":"closed","template":"","format":"standard","category_product":[55],"category_sector":[57,56],"class_list":["post-212382","product","type-product","status-publish","format-standard","has-post-thumbnail","hentry","category_product-machines-de-chargement","category_sector-ameublement","category_sector-habillement"],"acf":[],"_links":{"self":[{"href":"https:\/\/www.carontechnology.com\/fr\/wp-json\/wp\/v2\/product\/212382","targetHints":{"allow":["GET"]}}],"collection":[{"href":"https:\/\/www.carontechnology.com\/fr\/wp-json\/wp\/v2\/product"}],"about":[{"href":"https:\/\/www.carontechnology.com\/fr\/wp-json\/wp\/v2\/types\/product"}],"author":[{"embeddable":true,"href":"https:\/\/www.carontechnology.com\/fr\/wp-json\/wp\/v2\/users\/1"}],"replies":[{"embeddable":true,"href":"https:\/\/www.carontechnology.com\/fr\/wp-json\/wp\/v2\/comments?post=212382"}],"version-history":[{"count":0,"href":"https:\/\/www.carontechnology.com\/fr\/wp-json\/wp\/v2\/product\/212382\/revisions"}],"wp:featuredmedia":[{"embeddable":true,"href":"https:\/\/www.carontechnology.com\/fr\/wp-json\/wp\/v2\/media\/209503"}],"wp:attachment":[{"href":"https:\/\/www.carontechnology.com\/fr\/wp-json\/wp\/v2\/media?parent=212382"}],"wp:term":[{"taxonomy":"category_product","embeddable":true,"href":"https:\/\/www.carontechnology.com\/fr\/wp-json\/wp\/v2\/category_product?post=212382"},{"taxonomy":"category_sector","embeddable":true,"href":"https:\/\/www.carontechnology.com\/fr\/wp-json\/wp\/v2\/category_sector?post=212382"}],"curies":[{"name":"wp","href":"https:\/\/api.w.org\/{rel}","templated":true}]}}