{"id":345160,"date":"2023-01-31T15:57:16","date_gmt":"2023-01-31T14:57:16","guid":{"rendered":"https:\/\/www.carontechnology.com\/machines-textiles\/"},"modified":"2023-02-28T14:30:22","modified_gmt":"2023-02-28T13:30:22","slug":"machines-textiles","status":"publish","type":"page","link":"https:\/\/www.carontechnology.com\/fr\/machines-textiles\/","title":{"rendered":"Machines textiles"},"content":{"rendered":"\n<h2 class=\"wp-block-heading\">Machines Textiles Caron Technology<\/h2>\n\n<p>Toutes nos machines textiles sont construites avec des mat\u00e9riaux de haute qualit\u00e9 et sont con\u00e7ues pour des performances fiables et durables.<\/p>\n\n<p>Leur technologie avanc\u00e9e et leur robustesse en font le choix id\u00e9al pour quiconque souhaite augmenter sa production textile.<\/p>\n\n<p>Ces machines textiles offrent une solution polyvalente pour toutes les exigences.<\/p>\n\n<p>Non seulement elles vous aideront \u00e0 obtenir des r\u00e9sultats de haute qualit\u00e9, mais elles vous feront \u00e9galement gagner du temps et de l&rsquo;argent.&#13;\n&#13;\nInvestir dans l&rsquo;une de ces machines textiles est un excellent choix pour toute entreprise textile qui souhaite am\u00e9liorer sa production et rester en phase avec les derni\u00e8res innovations du secteur.<\/p>\n","protected":false},"excerpt":{"rendered":"<p>Machines Textiles Caron Technology Toutes nos machines textiles sont construites avec des mat\u00e9riaux de haute qualit\u00e9 et sont con\u00e7ues pour des performances fiables et durables. Leur technologie avanc\u00e9e et leur robustesse en font le choix id\u00e9al pour quiconque souhaite augmenter sa production textile. Ces machines textiles offrent une solution polyvalente pour toutes les exigences. Non [&hellip;]<\/p>\n","protected":false},"author":1,"featured_media":0,"parent":0,"menu_order":0,"comment_status":"closed","ping_status":"closed","template":"template\/products.php","meta":{"_acf_changed":false,"footnotes":""},"class_list":["post-345160","page","type-page","status-publish","hentry"],"acf":[],"_links":{"self":[{"href":"https:\/\/www.carontechnology.com\/fr\/wp-json\/wp\/v2\/pages\/345160","targetHints":{"allow":["GET"]}}],"collection":[{"href":"https:\/\/www.carontechnology.com\/fr\/wp-json\/wp\/v2\/pages"}],"about":[{"href":"https:\/\/www.carontechnology.com\/fr\/wp-json\/wp\/v2\/types\/page"}],"author":[{"embeddable":true,"href":"https:\/\/www.carontechnology.com\/fr\/wp-json\/wp\/v2\/users\/1"}],"replies":[{"embeddable":true,"href":"https:\/\/www.carontechnology.com\/fr\/wp-json\/wp\/v2\/comments?post=345160"}],"version-history":[{"count":0,"href":"https:\/\/www.carontechnology.com\/fr\/wp-json\/wp\/v2\/pages\/345160\/revisions"}],"wp:attachment":[{"href":"https:\/\/www.carontechnology.com\/fr\/wp-json\/wp\/v2\/media?parent=345160"}],"curies":[{"name":"wp","href":"https:\/\/api.w.org\/{rel}","templated":true}]}}