{"id":217145,"date":"2022-11-09T14:29:28","date_gmt":"2022-11-09T13:29:28","guid":{"rendered":"https:\/\/www.carontechnology.com\/prodotto\/lion-h40\/"},"modified":"2023-05-03T18:11:16","modified_gmt":"2023-05-03T16:11:16","slug":"lion-h40","status":"publish","type":"product","link":"https:\/\/www.carontechnology.com\/es\/producto\/lion-h40\/","title":{"rendered":"Lion H40"},"content":{"rendered":"\n<p>Aplicaci\u00f3n especial del modelo Lion S, la extendedora Lion H40 es una m\u00e1quina dedicada al mundo de la extensi\u00f3n de materiales voluminosos como la guata.<\/p>\n","protected":false},"excerpt":{"rendered":"<p>Aplicaci\u00f3n especial del modelo Lion S, la extendedora Lion H40 es una m\u00e1quina dedicada al mundo de la extensi\u00f3n de materiales voluminosos como la guata.<\/p>\n","protected":false},"author":1,"featured_media":1200,"parent":0,"menu_order":29,"comment_status":"closed","ping_status":"closed","template":"","format":"standard","category_product":[70],"category_sector":[67],"class_list":["post-217145","product","type-product","status-publish","format-standard","has-post-thumbnail","hentry","category_product-extendedoras","category_sector-mobiliario"],"acf":[],"_links":{"self":[{"href":"https:\/\/www.carontechnology.com\/es\/wp-json\/wp\/v2\/product\/217145","targetHints":{"allow":["GET"]}}],"collection":[{"href":"https:\/\/www.carontechnology.com\/es\/wp-json\/wp\/v2\/product"}],"about":[{"href":"https:\/\/www.carontechnology.com\/es\/wp-json\/wp\/v2\/types\/product"}],"author":[{"embeddable":true,"href":"https:\/\/www.carontechnology.com\/es\/wp-json\/wp\/v2\/users\/1"}],"replies":[{"embeddable":true,"href":"https:\/\/www.carontechnology.com\/es\/wp-json\/wp\/v2\/comments?post=217145"}],"version-history":[{"count":0,"href":"https:\/\/www.carontechnology.com\/es\/wp-json\/wp\/v2\/product\/217145\/revisions"}],"wp:featuredmedia":[{"embeddable":true,"href":"https:\/\/www.carontechnology.com\/es\/wp-json\/wp\/v2\/media\/1200"}],"wp:attachment":[{"href":"https:\/\/www.carontechnology.com\/es\/wp-json\/wp\/v2\/media?parent=217145"}],"wp:term":[{"taxonomy":"category_product","embeddable":true,"href":"https:\/\/www.carontechnology.com\/es\/wp-json\/wp\/v2\/category_product?post=217145"},{"taxonomy":"category_sector","embeddable":true,"href":"https:\/\/www.carontechnology.com\/es\/wp-json\/wp\/v2\/category_sector?post=217145"}],"curies":[{"name":"wp","href":"https:\/\/api.w.org\/{rel}","templated":true}]}}