{"id":217115,"date":"2022-11-09T14:22:07","date_gmt":"2022-11-09T13:22:07","guid":{"rendered":"https:\/\/www.carontechnology.com\/prodotto\/bolt\/"},"modified":"2023-05-03T18:06:04","modified_gmt":"2023-05-03T16:06:04","slug":"bolt","status":"publish","type":"product","link":"https:\/\/www.carontechnology.com\/es\/producto\/bolt\/","title":{"rendered":"Bolt"},"content":{"rendered":"\n<p>M\u00e1quina de nivel de entrada que combina perfectamente la facilidad de uso con la eficiencia de la producci\u00f3n. La m\u00e1quina se puede mover manualmente con extrema simplicidad y permite extender de forma semiautom\u00e1tica de varios tipos de tejido en rollos, hasta 50 kg.<\/p>\n","protected":false},"excerpt":{"rendered":"<p>M\u00e1quina de nivel de entrada que combina perfectamente la facilidad de uso con la eficiencia de la producci\u00f3n. La m\u00e1quina se puede mover manualmente con extrema simplicidad y permite extender de forma semiautom\u00e1tica de varios tipos de tejido en rollos, hasta 50 kg.<\/p>\n","protected":false},"author":1,"featured_media":824,"parent":0,"menu_order":8,"comment_status":"closed","ping_status":"closed","template":"","format":"standard","category_product":[70],"category_sector":[67],"class_list":["post-217115","product","type-product","status-publish","format-standard","has-post-thumbnail","hentry","category_product-extendedoras","category_sector-mobiliario"],"acf":[],"_links":{"self":[{"href":"https:\/\/www.carontechnology.com\/es\/wp-json\/wp\/v2\/product\/217115","targetHints":{"allow":["GET"]}}],"collection":[{"href":"https:\/\/www.carontechnology.com\/es\/wp-json\/wp\/v2\/product"}],"about":[{"href":"https:\/\/www.carontechnology.com\/es\/wp-json\/wp\/v2\/types\/product"}],"author":[{"embeddable":true,"href":"https:\/\/www.carontechnology.com\/es\/wp-json\/wp\/v2\/users\/1"}],"replies":[{"embeddable":true,"href":"https:\/\/www.carontechnology.com\/es\/wp-json\/wp\/v2\/comments?post=217115"}],"version-history":[{"count":0,"href":"https:\/\/www.carontechnology.com\/es\/wp-json\/wp\/v2\/product\/217115\/revisions"}],"wp:featuredmedia":[{"embeddable":true,"href":"https:\/\/www.carontechnology.com\/es\/wp-json\/wp\/v2\/media\/824"}],"wp:attachment":[{"href":"https:\/\/www.carontechnology.com\/es\/wp-json\/wp\/v2\/media?parent=217115"}],"wp:term":[{"taxonomy":"category_product","embeddable":true,"href":"https:\/\/www.carontechnology.com\/es\/wp-json\/wp\/v2\/category_product?post=217115"},{"taxonomy":"category_sector","embeddable":true,"href":"https:\/\/www.carontechnology.com\/es\/wp-json\/wp\/v2\/category_sector?post=217115"}],"curies":[{"name":"wp","href":"https:\/\/api.w.org\/{rel}","templated":true}]}}