{"id":216855,"date":"2022-11-09T12:36:55","date_gmt":"2022-11-09T11:36:55","guid":{"rendered":"https:\/\/www.carontechnology.com\/prodotto\/phoenix\/"},"modified":"2023-05-03T18:11:40","modified_gmt":"2023-05-03T16:11:40","slug":"phoenix","status":"publish","type":"product","link":"https:\/\/www.carontechnology.com\/es\/producto\/phoenix\/","title":{"rendered":"Phoenix"},"content":{"rendered":"\n<p>Cuna de una sola hoja Phoenix, m\u00e1quina para una alimentaci\u00f3n de alta calidad tanto para tejidos r\u00edgidos como el\u00e1sticos.<\/p>\n","protected":false},"excerpt":{"rendered":"<p>Cuna de una sola hoja Phoenix, m\u00e1quina para una alimentaci\u00f3n de alta calidad tanto para tejidos r\u00edgidos como el\u00e1sticos.<\/p>\n","protected":false},"author":1,"featured_media":810,"parent":0,"menu_order":51,"comment_status":"closed","ping_status":"closed","template":"","format":"standard","category_product":[68],"category_sector":[67,66,73],"class_list":["post-216855","product","type-product","status-publish","format-standard","has-post-thumbnail","hentry","category_product-cunas-de-una-sola-hoja","category_sector-mobiliario","category_sector-vestimenta","category_sector-tejidos-tecnicos"],"acf":[],"_links":{"self":[{"href":"https:\/\/www.carontechnology.com\/es\/wp-json\/wp\/v2\/product\/216855","targetHints":{"allow":["GET"]}}],"collection":[{"href":"https:\/\/www.carontechnology.com\/es\/wp-json\/wp\/v2\/product"}],"about":[{"href":"https:\/\/www.carontechnology.com\/es\/wp-json\/wp\/v2\/types\/product"}],"author":[{"embeddable":true,"href":"https:\/\/www.carontechnology.com\/es\/wp-json\/wp\/v2\/users\/1"}],"replies":[{"embeddable":true,"href":"https:\/\/www.carontechnology.com\/es\/wp-json\/wp\/v2\/comments?post=216855"}],"version-history":[{"count":0,"href":"https:\/\/www.carontechnology.com\/es\/wp-json\/wp\/v2\/product\/216855\/revisions"}],"wp:featuredmedia":[{"embeddable":true,"href":"https:\/\/www.carontechnology.com\/es\/wp-json\/wp\/v2\/media\/810"}],"wp:attachment":[{"href":"https:\/\/www.carontechnology.com\/es\/wp-json\/wp\/v2\/media?parent=216855"}],"wp:term":[{"taxonomy":"category_product","embeddable":true,"href":"https:\/\/www.carontechnology.com\/es\/wp-json\/wp\/v2\/category_product?post=216855"},{"taxonomy":"category_sector","embeddable":true,"href":"https:\/\/www.carontechnology.com\/es\/wp-json\/wp\/v2\/category_sector?post=216855"}],"curies":[{"name":"wp","href":"https:\/\/api.w.org\/{rel}","templated":true}]}}