{"id":216763,"date":"2022-11-09T12:07:54","date_gmt":"2022-11-09T11:07:54","guid":{"rendered":"https:\/\/www.carontechnology.com\/prodotto\/mask\/"},"modified":"2023-05-03T18:11:25","modified_gmt":"2023-05-03T16:11:25","slug":"mask","status":"publish","type":"product","link":"https:\/\/www.carontechnology.com\/es\/producto\/mask\/","title":{"rendered":"Mask"},"content":{"rendered":"\n<p>Extendedora digital MASK con tecnolog\u00eda EtherCAT: electr\u00f3nica industrial muy r\u00e1pida que garantiza la comunicaci\u00f3n entre las partes de la m\u00e1quina en el orden de los nanosegundos. Interconexi\u00f3n a trav\u00e9s del protocolo REST con lectura de archivos est\u00e1ndar que garantiza la plena compatibilidad y el cumplimiento de los principios del IoT.<\/p>\n","protected":false},"excerpt":{"rendered":"<p>Extendedora digital MASK con tecnolog\u00eda EtherCAT: electr\u00f3nica industrial muy r\u00e1pida que garantiza la comunicaci\u00f3n entre las partes de la m\u00e1quina en el orden de los nanosegundos. Interconexi\u00f3n a trav\u00e9s del protocolo REST con lectura de archivos est\u00e1ndar que garantiza la plena compatibilidad y el cumplimiento de los principios del IoT.<\/p>\n","protected":false},"author":1,"featured_media":1204,"parent":0,"menu_order":40,"comment_status":"closed","ping_status":"closed","template":"","format":"standard","category_product":[70],"category_sector":[66,73],"class_list":["post-216763","product","type-product","status-publish","format-standard","has-post-thumbnail","hentry","category_product-extendedoras","category_sector-vestimenta","category_sector-tejidos-tecnicos"],"acf":[],"_links":{"self":[{"href":"https:\/\/www.carontechnology.com\/es\/wp-json\/wp\/v2\/product\/216763","targetHints":{"allow":["GET"]}}],"collection":[{"href":"https:\/\/www.carontechnology.com\/es\/wp-json\/wp\/v2\/product"}],"about":[{"href":"https:\/\/www.carontechnology.com\/es\/wp-json\/wp\/v2\/types\/product"}],"author":[{"embeddable":true,"href":"https:\/\/www.carontechnology.com\/es\/wp-json\/wp\/v2\/users\/1"}],"replies":[{"embeddable":true,"href":"https:\/\/www.carontechnology.com\/es\/wp-json\/wp\/v2\/comments?post=216763"}],"version-history":[{"count":0,"href":"https:\/\/www.carontechnology.com\/es\/wp-json\/wp\/v2\/product\/216763\/revisions"}],"wp:featuredmedia":[{"embeddable":true,"href":"https:\/\/www.carontechnology.com\/es\/wp-json\/wp\/v2\/media\/1204"}],"wp:attachment":[{"href":"https:\/\/www.carontechnology.com\/es\/wp-json\/wp\/v2\/media?parent=216763"}],"wp:term":[{"taxonomy":"category_product","embeddable":true,"href":"https:\/\/www.carontechnology.com\/es\/wp-json\/wp\/v2\/category_product?post=216763"},{"taxonomy":"category_sector","embeddable":true,"href":"https:\/\/www.carontechnology.com\/es\/wp-json\/wp\/v2\/category_sector?post=216763"}],"curies":[{"name":"wp","href":"https:\/\/api.w.org\/{rel}","templated":true}]}}