{"id":216423,"date":"2022-11-09T11:10:14","date_gmt":"2022-11-09T10:10:14","guid":{"rendered":"https:\/\/www.carontechnology.com\/prodotto\/lion-100-200\/"},"modified":"2023-05-03T18:10:30","modified_gmt":"2023-05-03T16:10:30","slug":"lion-100-200","status":"publish","type":"product","link":"https:\/\/www.carontechnology.com\/es\/producto\/lion-100-200\/","title":{"rendered":"Lion 100 &#8211; 200"},"content":{"rendered":"\n<p>Expresi\u00f3n madura de nuestro know-how, Lion es una extendedora autom\u00e1tica con un dise\u00f1o atractivo y un rendimiento revolucionado para asegurar la facilidad de uso para el operador, garantizando al mismo tiempo la m\u00e1xima velocidad y calidad de la extensi\u00f3n.<\/p>\n","protected":false},"excerpt":{"rendered":"<p>Expresi\u00f3n madura de nuestro know-how, Lion es una extendedora autom\u00e1tica con un dise\u00f1o atractivo y un rendimiento revolucionado para asegurar la facilidad de uso para el operador, garantizando al mismo tiempo la m\u00e1xima velocidad y calidad de la extensi\u00f3n.<\/p>\n","protected":false},"author":1,"featured_media":832,"parent":0,"menu_order":20,"comment_status":"closed","ping_status":"closed","template":"","format":"standard","category_product":[70],"category_sector":[67,66,73],"class_list":["post-216423","product","type-product","status-publish","format-standard","has-post-thumbnail","hentry","category_product-extendedoras","category_sector-mobiliario","category_sector-vestimenta","category_sector-tejidos-tecnicos"],"acf":[],"_links":{"self":[{"href":"https:\/\/www.carontechnology.com\/es\/wp-json\/wp\/v2\/product\/216423","targetHints":{"allow":["GET"]}}],"collection":[{"href":"https:\/\/www.carontechnology.com\/es\/wp-json\/wp\/v2\/product"}],"about":[{"href":"https:\/\/www.carontechnology.com\/es\/wp-json\/wp\/v2\/types\/product"}],"author":[{"embeddable":true,"href":"https:\/\/www.carontechnology.com\/es\/wp-json\/wp\/v2\/users\/1"}],"replies":[{"embeddable":true,"href":"https:\/\/www.carontechnology.com\/es\/wp-json\/wp\/v2\/comments?post=216423"}],"version-history":[{"count":0,"href":"https:\/\/www.carontechnology.com\/es\/wp-json\/wp\/v2\/product\/216423\/revisions"}],"wp:featuredmedia":[{"embeddable":true,"href":"https:\/\/www.carontechnology.com\/es\/wp-json\/wp\/v2\/media\/832"}],"wp:attachment":[{"href":"https:\/\/www.carontechnology.com\/es\/wp-json\/wp\/v2\/media?parent=216423"}],"wp:term":[{"taxonomy":"category_product","embeddable":true,"href":"https:\/\/www.carontechnology.com\/es\/wp-json\/wp\/v2\/category_product?post=216423"},{"taxonomy":"category_sector","embeddable":true,"href":"https:\/\/www.carontechnology.com\/es\/wp-json\/wp\/v2\/category_sector?post=216423"}],"curies":[{"name":"wp","href":"https:\/\/api.w.org\/{rel}","templated":true}]}}