{"id":216090,"date":"2022-11-09T10:30:21","date_gmt":"2022-11-09T09:30:21","guid":{"rendered":"https:\/\/www.carontechnology.com\/prodotto\/flash\/"},"modified":"2023-05-03T18:08:56","modified_gmt":"2023-05-03T16:08:56","slug":"flash","status":"publish","type":"product","link":"https:\/\/www.carontechnology.com\/es\/producto\/flash\/","title":{"rendered":"Flash"},"content":{"rendered":"\n<p>El modelo Flash est\u00e1 dise\u00f1ado para aquellos que optan por una m\u00e1quina m\u00e1s \u00absimple\u00bb pero que siguen queriendo un proceso de extensi\u00f3n de alta calidad. En esta extendedora autom\u00e1tica est\u00e1 contenido el resultado de nuestros esfuerzos, reflejados en la compacidad, versatilidad y facilidad de uso del producto.<\/p>\n","protected":false},"excerpt":{"rendered":"<p>El modelo Flash est\u00e1 dise\u00f1ado para aquellos que optan por una m\u00e1quina m\u00e1s \u00absimple\u00bb pero que siguen queriendo un proceso de extensi\u00f3n de alta calidad. En esta extendedora autom\u00e1tica est\u00e1 contenido el resultado de nuestros esfuerzos, reflejados en la compacidad, versatilidad y facilidad de uso del producto.<\/p>\n","protected":false},"author":1,"featured_media":830,"parent":0,"menu_order":16,"comment_status":"closed","ping_status":"closed","template":"","format":"standard","category_product":[70],"category_sector":[67,66],"class_list":["post-216090","product","type-product","status-publish","format-standard","has-post-thumbnail","hentry","category_product-extendedoras","category_sector-mobiliario","category_sector-vestimenta"],"acf":[],"_links":{"self":[{"href":"https:\/\/www.carontechnology.com\/es\/wp-json\/wp\/v2\/product\/216090","targetHints":{"allow":["GET"]}}],"collection":[{"href":"https:\/\/www.carontechnology.com\/es\/wp-json\/wp\/v2\/product"}],"about":[{"href":"https:\/\/www.carontechnology.com\/es\/wp-json\/wp\/v2\/types\/product"}],"author":[{"embeddable":true,"href":"https:\/\/www.carontechnology.com\/es\/wp-json\/wp\/v2\/users\/1"}],"replies":[{"embeddable":true,"href":"https:\/\/www.carontechnology.com\/es\/wp-json\/wp\/v2\/comments?post=216090"}],"version-history":[{"count":0,"href":"https:\/\/www.carontechnology.com\/es\/wp-json\/wp\/v2\/product\/216090\/revisions"}],"wp:featuredmedia":[{"embeddable":true,"href":"https:\/\/www.carontechnology.com\/es\/wp-json\/wp\/v2\/media\/830"}],"wp:attachment":[{"href":"https:\/\/www.carontechnology.com\/es\/wp-json\/wp\/v2\/media?parent=216090"}],"wp:term":[{"taxonomy":"category_product","embeddable":true,"href":"https:\/\/www.carontechnology.com\/es\/wp-json\/wp\/v2\/category_product?post=216090"},{"taxonomy":"category_sector","embeddable":true,"href":"https:\/\/www.carontechnology.com\/es\/wp-json\/wp\/v2\/category_sector?post=216090"}],"curies":[{"name":"wp","href":"https:\/\/api.w.org\/{rel}","templated":true}]}}