{"id":345175,"date":"2023-01-31T15:57:46","date_gmt":"2023-01-31T14:57:46","guid":{"rendered":"https:\/\/www.carontechnology.com\/maquinaria-textil\/"},"modified":"2023-02-28T17:18:53","modified_gmt":"2023-02-28T16:18:53","slug":"maquinaria-textil","status":"publish","type":"page","link":"https:\/\/www.carontechnology.com\/es\/maquinaria-textil\/","title":{"rendered":"Maquinaria Textil"},"content":{"rendered":"\n<h2 class=\"wp-block-heading\">Maquinaria textil Caron Technology<\/h2>\n\n<p>Todas nuestras m\u00e1quinas textiles est\u00e1n construidas con materiales de alta calidad y dise\u00f1adas para ofrecer un rendimiento fiable y duradero.<\/p>\n\n<p>Su avanzada tecnolog\u00eda y robustez las convierten en la opci\u00f3n ideal para cualquiera que desee aumentar su producci\u00f3n textil.<\/p>\n\n<p>Estas m\u00e1quinas textiles ofrecen una soluci\u00f3n vers\u00e1til para todas las necesidades.<\/p>\n\n<p>No s\u00f3lo le ayudar\u00e1n a conseguir resultados de alta calidad, sino que tambi\u00e9n le ahorrar\u00e1n tiempo y dinero.&#13;\n&#13;\nInvertir en una de estas m\u00e1quinas textiles es una excelente opci\u00f3n para cualquier empresa textil que desee mejorar su producci\u00f3n y mantenerse al d\u00eda de las \u00faltimas innovaciones del sector.<\/p>\n","protected":false},"excerpt":{"rendered":"<p>Maquinaria textil Caron Technology Todas nuestras m\u00e1quinas textiles est\u00e1n construidas con materiales de alta calidad y dise\u00f1adas para ofrecer un rendimiento fiable y duradero. Su avanzada tecnolog\u00eda y robustez las convierten en la opci\u00f3n ideal para cualquiera que desee aumentar su producci\u00f3n textil. Estas m\u00e1quinas textiles ofrecen una soluci\u00f3n vers\u00e1til para todas las necesidades. No [&hellip;]<\/p>\n","protected":false},"author":1,"featured_media":0,"parent":0,"menu_order":0,"comment_status":"closed","ping_status":"closed","template":"template\/products.php","meta":{"_acf_changed":false,"footnotes":""},"class_list":["post-345175","page","type-page","status-publish","hentry"],"acf":[],"_links":{"self":[{"href":"https:\/\/www.carontechnology.com\/es\/wp-json\/wp\/v2\/pages\/345175","targetHints":{"allow":["GET"]}}],"collection":[{"href":"https:\/\/www.carontechnology.com\/es\/wp-json\/wp\/v2\/pages"}],"about":[{"href":"https:\/\/www.carontechnology.com\/es\/wp-json\/wp\/v2\/types\/page"}],"author":[{"embeddable":true,"href":"https:\/\/www.carontechnology.com\/es\/wp-json\/wp\/v2\/users\/1"}],"replies":[{"embeddable":true,"href":"https:\/\/www.carontechnology.com\/es\/wp-json\/wp\/v2\/comments?post=345175"}],"version-history":[{"count":0,"href":"https:\/\/www.carontechnology.com\/es\/wp-json\/wp\/v2\/pages\/345175\/revisions"}],"wp:attachment":[{"href":"https:\/\/www.carontechnology.com\/es\/wp-json\/wp\/v2\/media?parent=345175"}],"curies":[{"name":"wp","href":"https:\/\/api.w.org\/{rel}","templated":true}]}}